{"id":108,"date":"2022-10-26T16:27:28","date_gmt":"2022-10-26T14:27:28","guid":{"rendered":"https:\/\/www.waegeli.ch\/?page_id=108"},"modified":"2022-11-29T09:22:14","modified_gmt":"2022-11-29T08:22:14","slug":"umbau","status":"publish","type":"page","link":"https:\/\/www.waegeli.ch\/de\/angebot\/umbau\/","title":{"rendered":"Umbau"},"content":{"rendered":"\t\t<div data-elementor-type=\"wp-page\" data-elementor-id=\"108\" class=\"elementor elementor-108\" data-elementor-post-type=\"page\">\n\t\t\t\t\t\t<section class=\"elementor-section elementor-top-section elementor-element elementor-element-be99d93 elementor-section-boxed elementor-section-height-default elementor-section-height-default\" data-id=\"be99d93\" data-element_type=\"section\" data-e-type=\"section\">\n\t\t\t\t\t\t<div class=\"elementor-container elementor-column-gap-default\">\n\t\t\t\t\t<div class=\"elementor-column elementor-col-100 elementor-top-column elementor-element elementor-element-0ed7034\" data-id=\"0ed7034\" data-element_type=\"column\" data-e-type=\"column\">\n\t\t\t<div class=\"elementor-widget-wrap elementor-element-populated\">\n\t\t\t\t\t\t<section class=\"elementor-section elementor-inner-section elementor-element elementor-element-530811c elementor-section-boxed elementor-section-height-default elementor-section-height-default\" data-id=\"530811c\" data-element_type=\"section\" data-e-type=\"section\">\n\t\t\t\t\t\t<div class=\"elementor-container elementor-column-gap-default\">\n\t\t\t\t\t<div class=\"elementor-column elementor-col-50 elementor-inner-column elementor-element elementor-element-1ae953d\" data-id=\"1ae953d\" data-element_type=\"column\" data-e-type=\"column\">\n\t\t\t<div class=\"elementor-widget-wrap elementor-element-populated\">\n\t\t\t\t\t\t<div class=\"elementor-element elementor-element-5c6c275 elementor-widget elementor-widget-heading\" data-id=\"5c6c275\" data-element_type=\"widget\" data-e-type=\"widget\" data-widget_type=\"heading.default\">\n\t\t\t\t<div class=\"elementor-widget-container\">\n\t\t\t\t\t<h1 class=\"elementor-heading-title elementor-size-default\">Umbau<\/h1>\t\t\t\t<\/div>\n\t\t\t\t<\/div>\n\t\t\t\t<div class=\"elementor-element elementor-element-b154145 elementor-widget elementor-widget-heading\" data-id=\"b154145\" data-element_type=\"widget\" data-e-type=\"widget\" data-widget_type=\"heading.default\">\n\t\t\t\t<div class=\"elementor-widget-container\">\n\t\t\t\t\t<h3 class=\"elementor-heading-title elementor-size-default\">Wieder wie neu nach erfolgtem Umbau!<\/h3>\t\t\t\t<\/div>\n\t\t\t\t<\/div>\n\t\t\t\t<div class=\"elementor-element elementor-element-860e4b9 elementor-widget elementor-widget-text-editor\" data-id=\"860e4b9\" data-element_type=\"widget\" data-e-type=\"widget\" data-widget_type=\"text-editor.default\">\n\t\t\t\t<div class=\"elementor-widget-container\">\n\t\t\t\t\t\t\t\t\t<p>Manchmal gen\u00fcgen ein paar wenige Anpassungen, manchmal bedarf es mehr. Fest steht, dass nach einem, von Otto W\u00e4geli AG ausgef\u00fchrtem Umbau praktisch alles wie neu aussieht \u2013 sei es ein Innenausbau wie B\u00f6den, Treppen oder K\u00fcchen, B\u00e4der oder Einbauschr\u00e4nke. Wir planen, produzieren, bauen ein und montieren von A \u2013 Z aus einer Hand.<\/p>\t\t\t\t\t\t\t\t<\/div>\n\t\t\t\t<\/div>\n\t\t\t\t<div class=\"elementor-element elementor-element-625e6a0 elementor-align-center elementor-tablet-align-right elementor-hidden-desktop elementor-hidden-tablet elementor-widget elementor-widget-button\" data-id=\"625e6a0\" data-element_type=\"widget\" data-e-type=\"widget\" data-widget_type=\"button.default\">\n\t\t\t\t<div class=\"elementor-widget-container\">\n\t\t\t\t\t\t\t\t\t<div class=\"elementor-button-wrapper\">\n\t\t\t\t\t<a class=\"elementor-button elementor-button-link elementor-size-md\" href=\"http:\/\/www.waegeli.ch\/kontakt\/\">\n\t\t\t\t\t\t<span class=\"elementor-button-content-wrapper\">\n\t\t\t\t\t\t\t\t\t<span class=\"elementor-button-text\">Kontakt<\/span>\n\t\t\t\t\t<\/span>\n\t\t\t\t\t<\/a>\n\t\t\t\t<\/div>\n\t\t\t\t\t\t\t\t<\/div>\n\t\t\t\t<\/div>\n\t\t\t\t\t<\/div>\n\t\t<\/div>\n\t\t\t\t<div class=\"elementor-column elementor-col-50 elementor-inner-column elementor-element elementor-element-6e8c34c\" data-id=\"6e8c34c\" data-element_type=\"column\" data-e-type=\"column\">\n\t\t\t<div class=\"elementor-widget-wrap elementor-element-populated\">\n\t\t\t\t\t\t<div class=\"elementor-element elementor-element-13324d4 elementor-align-right elementor-hidden-mobile elementor-tablet-align-right elementor-widget elementor-widget-button\" data-id=\"13324d4\" data-element_type=\"widget\" data-e-type=\"widget\" data-widget_type=\"button.default\">\n\t\t\t\t<div class=\"elementor-widget-container\">\n\t\t\t\t\t\t\t\t\t<div class=\"elementor-button-wrapper\">\n\t\t\t\t\t<a class=\"elementor-button elementor-button-link elementor-size-md\" href=\"http:\/\/www.waegeli.ch\/kontakt\/\">\n\t\t\t\t\t\t<span class=\"elementor-button-content-wrapper\">\n\t\t\t\t\t\t\t\t\t<span class=\"elementor-button-text\">Kontakt<\/span>\n\t\t\t\t\t<\/span>\n\t\t\t\t\t<\/a>\n\t\t\t\t<\/div>\n\t\t\t\t\t\t\t\t<\/div>\n\t\t\t\t<\/div>\n\t\t\t\t\t<\/div>\n\t\t<\/div>\n\t\t\t\t\t<\/div>\n\t\t<\/section>\n\t\t\t\t\t<\/div>\n\t\t<\/div>\n\t\t\t\t\t<\/div>\n\t\t<\/section>\n\t\t\t\t<section class=\"elementor-section elementor-top-section elementor-element elementor-element-2f412fb elementor-section-boxed elementor-section-height-default elementor-section-height-default\" data-id=\"2f412fb\" data-element_type=\"section\" data-e-type=\"section\">\n\t\t\t\t\t\t<div class=\"elementor-container elementor-column-gap-default\">\n\t\t\t\t\t<div class=\"elementor-column elementor-col-100 elementor-top-column elementor-element elementor-element-bb5dead\" data-id=\"bb5dead\" data-element_type=\"column\" data-e-type=\"column\">\n\t\t\t<div class=\"elementor-widget-wrap elementor-element-populated\">\n\t\t\t\t\t\t<div class=\"elementor-element elementor-element-d8eb4ce elementor-widget-divider--view-line elementor-widget elementor-widget-divider\" data-id=\"d8eb4ce\" data-element_type=\"widget\" data-e-type=\"widget\" data-widget_type=\"divider.default\">\n\t\t\t\t<div class=\"elementor-widget-container\">\n\t\t\t\t\t\t\t<div class=\"elementor-divider\">\n\t\t\t<span class=\"elementor-divider-separator\">\n\t\t\t\t\t\t<\/span>\n\t\t<\/div>\n\t\t\t\t\t\t<\/div>\n\t\t\t\t<\/div>\n\t\t\t\t<div class=\"elementor-element elementor-element-d5ed573 elementor-arrows-position-inside elementor-widget elementor-widget-image-carousel\" data-id=\"d5ed573\" data-element_type=\"widget\" data-e-type=\"widget\" data-settings=\"{&quot;slides_to_show&quot;:&quot;3&quot;,&quot;navigation&quot;:&quot;arrows&quot;,&quot;image_spacing_custom&quot;:{&quot;unit&quot;:&quot;px&quot;,&quot;size&quot;:24,&quot;sizes&quot;:[]},&quot;infinite&quot;:&quot;no&quot;,&quot;autoplay&quot;:&quot;yes&quot;,&quot;pause_on_hover&quot;:&quot;yes&quot;,&quot;pause_on_interaction&quot;:&quot;yes&quot;,&quot;autoplay_speed&quot;:5000,&quot;speed&quot;:500,&quot;image_spacing_custom_tablet&quot;:{&quot;unit&quot;:&quot;px&quot;,&quot;size&quot;:&quot;&quot;,&quot;sizes&quot;:[]},&quot;image_spacing_custom_mobile&quot;:{&quot;unit&quot;:&quot;px&quot;,&quot;size&quot;:&quot;&quot;,&quot;sizes&quot;:[]}}\" data-widget_type=\"image-carousel.default\">\n\t\t\t\t<div class=\"elementor-widget-container\">\n\t\t\t\t\t\t\t<div class=\"elementor-image-carousel-wrapper swiper\" role=\"region\" aria-roledescription=\"carousel\" aria-label=\"Bild Karussell\" dir=\"ltr\">\n\t\t\t<div class=\"elementor-image-carousel swiper-wrapper swiper-image-stretch\" aria-live=\"off\">\n\t\t\t\t\t\t\t\t<div class=\"swiper-slide\" role=\"group\" aria-roledescription=\"slide\" aria-label=\"1 von 5\"><figure class=\"swiper-slide-inner\"><img decoding=\"async\" class=\"swiper-slide-image\" src=\"https:\/\/www.waegeli.ch\/wp-content\/uploads\/elementor\/thumbs\/projekt-bauernhaus-2-q39m1emi0sjlluzgcrfbgnq8m0zm9yabma2mg6z70o.jpg\" alt=\"Projekt Umbau Bauernhaus\" \/><\/figure><\/div><div class=\"swiper-slide\" role=\"group\" aria-roledescription=\"slide\" aria-label=\"2 von 5\"><figure class=\"swiper-slide-inner\"><img decoding=\"async\" class=\"swiper-slide-image\" src=\"https:\/\/www.waegeli.ch\/wp-content\/uploads\/elementor\/thumbs\/projekt-bauernhaus-1-q39m1emi0sjlluzgcrfbgnq8m0zm9yabma2mg6z70o.jpg\" alt=\"Projekt Umbau Bauernhaus\" \/><\/figure><\/div><div class=\"swiper-slide\" role=\"group\" aria-roledescription=\"slide\" aria-label=\"3 von 5\"><figure class=\"swiper-slide-inner\"><img decoding=\"async\" class=\"swiper-slide-image\" src=\"https:\/\/www.waegeli.ch\/wp-content\/uploads\/elementor\/thumbs\/umbau-bauernhaus-3-q39m1gi6egm692wq1s8kln95ssqcpchsajdleqweo8.jpg\" alt=\"Umbau Bauernhaus Dachstock\" \/><\/figure><\/div><div class=\"swiper-slide\" role=\"group\" aria-roledescription=\"slide\" aria-label=\"4 von 5\"><figure class=\"swiper-slide-inner\"><img decoding=\"async\" class=\"swiper-slide-image\" src=\"https:\/\/www.waegeli.ch\/wp-content\/uploads\/elementor\/thumbs\/umbau-bauernhaus-2-q39m1gi6egm692wq1s8kln95ssqcpchsajdleqweo8.jpg\" alt=\"Umbau Bauernhaus Boden\" \/><\/figure><\/div><div class=\"swiper-slide\" role=\"group\" aria-roledescription=\"slide\" aria-label=\"5 von 5\"><figure class=\"swiper-slide-inner\"><img decoding=\"async\" class=\"swiper-slide-image\" src=\"https:\/\/www.waegeli.ch\/wp-content\/uploads\/elementor\/thumbs\/umbau-bauernhaus-1-e1530450813882-q39m1fkc7mkvxgy379ty15hp7euzhne1yeq3xgxsug.jpg\" alt=\"Umbau Bauernhaus Treppe\" \/><\/figure><\/div>\t\t\t<\/div>\n\t\t\t\t\t\t\t\t\t\t\t\t<div class=\"elementor-swiper-button elementor-swiper-button-prev\" role=\"button\" tabindex=\"0\">\n\t\t\t\t\t\t<i aria-hidden=\"true\" class=\"fas fa-chevron-left\"><\/i>\t\t\t\t\t<\/div>\n\t\t\t\t\t<div class=\"elementor-swiper-button elementor-swiper-button-next\" role=\"button\" tabindex=\"0\">\n\t\t\t\t\t\t<i aria-hidden=\"true\" class=\"fas fa-chevron-right\"><\/i>\t\t\t\t\t<\/div>\n\t\t\t\t\n\t\t\t\t\t\t\t\t\t<\/div>\n\t\t\t\t\t\t<\/div>\n\t\t\t\t<\/div>\n\t\t\t\t\t<\/div>\n\t\t<\/div>\n\t\t\t\t\t<\/div>\n\t\t<\/section>\n\t\t\t\t<\/div>\n\t\t","protected":false},"excerpt":{"rendered":"<p>Umbau Wieder wie neu nach erfolgtem Umbau! Manchmal gen\u00fcgen ein paar wenige Anpassungen, manchmal bedarf es mehr. Fest steht, dass nach einem, von Otto W\u00e4geli AG ausgef\u00fchrtem Umbau praktisch alles wie neu aussieht \u2013 sei es ein Innenausbau wie B\u00f6den, Treppen oder K\u00fcchen, B\u00e4der oder Einbauschr\u00e4nke. Wir planen, produzieren, bauen ein und montieren von A [&hellip;]<\/p>\n","protected":false},"author":2,"featured_media":2421,"parent":40,"menu_order":0,"comment_status":"closed","ping_status":"closed","template":"","meta":{"_acf_changed":false,"footnotes":""},"class_list":["post-108","page","type-page","status-publish","has-post-thumbnail","hentry"],"acf":[],"yoast_head":"<!-- This site is optimized with the Yoast SEO plugin v26.9 - https:\/\/yoast.com\/product\/yoast-seo-wordpress\/ -->\n<title>Umbau - Schreinerei Otto W\u00e4geli AG<\/title>\n<meta name=\"description\" content=\"Wieder wie neu nach erfolgtem Umbau! Manchmal gen\u00fcgen ein paar wenige Anpassungen, manchmal bedarf es mehr. Fest steht, dass nach einem, von Otto W\u00e4geli AG ausgef\u00fchrtem Umbau praktisch alles wie neu aussieht \u2013 sei es ein Innenausbau wie B\u00f6den, Treppen oder K\u00fcchen, B\u00e4der oder Einbauschr\u00e4nke. Wir planen, produzieren, bauen ein und montieren von A [\u2026]\" \/>\n<meta name=\"robots\" content=\"index, follow, max-snippet:-1, max-image-preview:large, max-video-preview:-1\" \/>\n<link rel=\"canonical\" href=\"https:\/\/www.waegeli.ch\/de\/angebot\/umbau\/\" \/>\n<meta property=\"og:locale\" content=\"de_DE\" \/>\n<meta property=\"og:type\" content=\"article\" \/>\n<meta property=\"og:title\" content=\"Umbau - Schreinerei Otto W\u00e4geli AG\" \/>\n<meta property=\"og:description\" content=\"Wieder wie neu nach erfolgtem Umbau! Manchmal gen\u00fcgen ein paar wenige Anpassungen, manchmal bedarf es mehr. Fest steht, dass nach einem, von Otto W\u00e4geli AG ausgef\u00fchrtem Umbau praktisch alles wie neu aussieht \u2013 sei es ein Innenausbau wie B\u00f6den, Treppen oder K\u00fcchen, B\u00e4der oder Einbauschr\u00e4nke. Wir planen, produzieren, bauen ein und montieren von A [\u2026]\" \/>\n<meta property=\"og:url\" content=\"https:\/\/www.waegeli.ch\/de\/angebot\/umbau\/\" \/>\n<meta property=\"og:site_name\" content=\"Schreinerei Otto W\u00e4geli AG\" \/>\n<meta property=\"article:modified_time\" content=\"2022-11-29T08:22:14+00:00\" \/>\n<meta property=\"og:image\" content=\"https:\/\/www.waegeli.ch\/wp-content\/uploads\/2018\/07\/umbau-bauernhaus-1-e1530450813882.jpg\" \/>\n\t<meta property=\"og:image:width\" content=\"1143\" \/>\n\t<meta property=\"og:image:height\" content=\"761\" \/>\n\t<meta property=\"og:image:type\" content=\"image\/jpeg\" \/>\n<meta name=\"twitter:card\" content=\"summary_large_image\" \/>\n<meta name=\"twitter:label1\" content=\"Gesch\u00e4tzte Lesezeit\" \/>\n\t<meta name=\"twitter:data1\" content=\"2\u00a0Minuten\" \/>\n<script type=\"application\/ld+json\" class=\"yoast-schema-graph\">{\"@context\":\"https:\/\/schema.org\",\"@graph\":[{\"@type\":\"WebPage\",\"@id\":\"https:\/\/www.waegeli.ch\/de\/angebot\/umbau\/\",\"url\":\"https:\/\/www.waegeli.ch\/de\/angebot\/umbau\/\",\"name\":\"Umbau - Schreinerei Otto W\u00e4geli AG\",\"isPartOf\":{\"@id\":\"https:\/\/www.waegeli.ch\/de\/#website\"},\"primaryImageOfPage\":{\"@id\":\"https:\/\/www.waegeli.ch\/de\/angebot\/umbau\/#primaryimage\"},\"image\":{\"@id\":\"https:\/\/www.waegeli.ch\/de\/angebot\/umbau\/#primaryimage\"},\"thumbnailUrl\":\"https:\/\/www.waegeli.ch\/wp-content\/uploads\/2018\/07\/umbau-bauernhaus-1-e1530450813882.jpg\",\"datePublished\":\"2022-10-26T14:27:28+00:00\",\"dateModified\":\"2022-11-29T08:22:14+00:00\",\"description\":\"Wieder wie neu nach erfolgtem Umbau! Manchmal gen\u00fcgen ein paar wenige Anpassungen, manchmal bedarf es mehr. Fest steht, dass nach einem, von Otto W\u00e4geli AG ausgef\u00fchrtem Umbau praktisch alles wie neu aussieht \u2013 sei es ein Innenausbau wie B\u00f6den, Treppen oder K\u00fcchen, B\u00e4der oder Einbauschr\u00e4nke. Wir planen, produzieren, bauen ein und montieren von A [\u2026]\",\"breadcrumb\":{\"@id\":\"https:\/\/www.waegeli.ch\/de\/angebot\/umbau\/#breadcrumb\"},\"inLanguage\":\"de\",\"potentialAction\":[{\"@type\":\"ReadAction\",\"target\":[\"https:\/\/www.waegeli.ch\/de\/angebot\/umbau\/\"]}]},{\"@type\":\"ImageObject\",\"inLanguage\":\"de\",\"@id\":\"https:\/\/www.waegeli.ch\/de\/angebot\/umbau\/#primaryimage\",\"url\":\"https:\/\/www.waegeli.ch\/wp-content\/uploads\/2018\/07\/umbau-bauernhaus-1-e1530450813882.jpg\",\"contentUrl\":\"https:\/\/www.waegeli.ch\/wp-content\/uploads\/2018\/07\/umbau-bauernhaus-1-e1530450813882.jpg\",\"width\":1143,\"height\":761,\"caption\":\"Umbau Bauernhaus Treppe\"},{\"@type\":\"BreadcrumbList\",\"@id\":\"https:\/\/www.waegeli.ch\/de\/angebot\/umbau\/#breadcrumb\",\"itemListElement\":[{\"@type\":\"ListItem\",\"position\":1,\"name\":\"Startseite\",\"item\":\"https:\/\/www.waegeli.ch\/de\/\"},{\"@type\":\"ListItem\",\"position\":2,\"name\":\"Angebot\",\"item\":\"https:\/\/www.waegeli.ch\/de\/angebot\/\"},{\"@type\":\"ListItem\",\"position\":3,\"name\":\"Umbau\"}]},{\"@type\":\"WebSite\",\"@id\":\"https:\/\/www.waegeli.ch\/de\/#website\",\"url\":\"https:\/\/www.waegeli.ch\/de\/\",\"name\":\"Schreinerei Otto W\u00e4geli AG\",\"description\":\"Holz ist das ganze Leben\",\"publisher\":{\"@id\":\"https:\/\/www.waegeli.ch\/de\/#organization\"},\"potentialAction\":[{\"@type\":\"SearchAction\",\"target\":{\"@type\":\"EntryPoint\",\"urlTemplate\":\"https:\/\/www.waegeli.ch\/de\/?s={search_term_string}\"},\"query-input\":{\"@type\":\"PropertyValueSpecification\",\"valueRequired\":true,\"valueName\":\"search_term_string\"}}],\"inLanguage\":\"de\"},{\"@type\":\"Organization\",\"@id\":\"https:\/\/www.waegeli.ch\/de\/#organization\",\"name\":\"Schreinerei Otto W\u00e4geli AG\",\"url\":\"https:\/\/www.waegeli.ch\/de\/\",\"logo\":{\"@type\":\"ImageObject\",\"inLanguage\":\"de\",\"@id\":\"https:\/\/www.waegeli.ch\/de\/#\/schema\/logo\/image\/\",\"url\":\"https:\/\/www.waegeli.ch\/wp-content\/uploads\/2022\/10\/OttoWaegeli.png\",\"contentUrl\":\"https:\/\/www.waegeli.ch\/wp-content\/uploads\/2022\/10\/OttoWaegeli.png\",\"width\":233,\"height\":70,\"caption\":\"Schreinerei Otto W\u00e4geli AG\"},\"image\":{\"@id\":\"https:\/\/www.waegeli.ch\/de\/#\/schema\/logo\/image\/\"}}]}<\/script>\n<!-- \/ Yoast SEO plugin. -->","yoast_head_json":{"title":"Umbau - Schreinerei Otto W\u00e4geli AG","description":"Wieder wie neu nach erfolgtem Umbau! Manchmal gen\u00fcgen ein paar wenige Anpassungen, manchmal bedarf es mehr. Fest steht, dass nach einem, von Otto W\u00e4geli AG ausgef\u00fchrtem Umbau praktisch alles wie neu aussieht \u2013 sei es ein Innenausbau wie B\u00f6den, Treppen oder K\u00fcchen, B\u00e4der oder Einbauschr\u00e4nke. Wir planen, produzieren, bauen ein und montieren von A [\u2026]","robots":{"index":"index","follow":"follow","max-snippet":"max-snippet:-1","max-image-preview":"max-image-preview:large","max-video-preview":"max-video-preview:-1"},"canonical":"https:\/\/www.waegeli.ch\/de\/angebot\/umbau\/","og_locale":"de_DE","og_type":"article","og_title":"Umbau - Schreinerei Otto W\u00e4geli AG","og_description":"Wieder wie neu nach erfolgtem Umbau! Manchmal gen\u00fcgen ein paar wenige Anpassungen, manchmal bedarf es mehr. Fest steht, dass nach einem, von Otto W\u00e4geli AG ausgef\u00fchrtem Umbau praktisch alles wie neu aussieht \u2013 sei es ein Innenausbau wie B\u00f6den, Treppen oder K\u00fcchen, B\u00e4der oder Einbauschr\u00e4nke. Wir planen, produzieren, bauen ein und montieren von A [\u2026]","og_url":"https:\/\/www.waegeli.ch\/de\/angebot\/umbau\/","og_site_name":"Schreinerei Otto W\u00e4geli AG","article_modified_time":"2022-11-29T08:22:14+00:00","og_image":[{"width":1143,"height":761,"url":"https:\/\/www.waegeli.ch\/wp-content\/uploads\/2018\/07\/umbau-bauernhaus-1-e1530450813882.jpg","type":"image\/jpeg"}],"twitter_card":"summary_large_image","twitter_misc":{"Gesch\u00e4tzte Lesezeit":"2\u00a0Minuten"},"schema":{"@context":"https:\/\/schema.org","@graph":[{"@type":"WebPage","@id":"https:\/\/www.waegeli.ch\/de\/angebot\/umbau\/","url":"https:\/\/www.waegeli.ch\/de\/angebot\/umbau\/","name":"Umbau - Schreinerei Otto W\u00e4geli AG","isPartOf":{"@id":"https:\/\/www.waegeli.ch\/de\/#website"},"primaryImageOfPage":{"@id":"https:\/\/www.waegeli.ch\/de\/angebot\/umbau\/#primaryimage"},"image":{"@id":"https:\/\/www.waegeli.ch\/de\/angebot\/umbau\/#primaryimage"},"thumbnailUrl":"https:\/\/www.waegeli.ch\/wp-content\/uploads\/2018\/07\/umbau-bauernhaus-1-e1530450813882.jpg","datePublished":"2022-10-26T14:27:28+00:00","dateModified":"2022-11-29T08:22:14+00:00","description":"Wieder wie neu nach erfolgtem Umbau! Manchmal gen\u00fcgen ein paar wenige Anpassungen, manchmal bedarf es mehr. Fest steht, dass nach einem, von Otto W\u00e4geli AG ausgef\u00fchrtem Umbau praktisch alles wie neu aussieht \u2013 sei es ein Innenausbau wie B\u00f6den, Treppen oder K\u00fcchen, B\u00e4der oder Einbauschr\u00e4nke. Wir planen, produzieren, bauen ein und montieren von A [\u2026]","breadcrumb":{"@id":"https:\/\/www.waegeli.ch\/de\/angebot\/umbau\/#breadcrumb"},"inLanguage":"de","potentialAction":[{"@type":"ReadAction","target":["https:\/\/www.waegeli.ch\/de\/angebot\/umbau\/"]}]},{"@type":"ImageObject","inLanguage":"de","@id":"https:\/\/www.waegeli.ch\/de\/angebot\/umbau\/#primaryimage","url":"https:\/\/www.waegeli.ch\/wp-content\/uploads\/2018\/07\/umbau-bauernhaus-1-e1530450813882.jpg","contentUrl":"https:\/\/www.waegeli.ch\/wp-content\/uploads\/2018\/07\/umbau-bauernhaus-1-e1530450813882.jpg","width":1143,"height":761,"caption":"Umbau Bauernhaus Treppe"},{"@type":"BreadcrumbList","@id":"https:\/\/www.waegeli.ch\/de\/angebot\/umbau\/#breadcrumb","itemListElement":[{"@type":"ListItem","position":1,"name":"Startseite","item":"https:\/\/www.waegeli.ch\/de\/"},{"@type":"ListItem","position":2,"name":"Angebot","item":"https:\/\/www.waegeli.ch\/de\/angebot\/"},{"@type":"ListItem","position":3,"name":"Umbau"}]},{"@type":"WebSite","@id":"https:\/\/www.waegeli.ch\/de\/#website","url":"https:\/\/www.waegeli.ch\/de\/","name":"Schreinerei Otto W\u00e4geli AG","description":"Holz ist das ganze Leben","publisher":{"@id":"https:\/\/www.waegeli.ch\/de\/#organization"},"potentialAction":[{"@type":"SearchAction","target":{"@type":"EntryPoint","urlTemplate":"https:\/\/www.waegeli.ch\/de\/?s={search_term_string}"},"query-input":{"@type":"PropertyValueSpecification","valueRequired":true,"valueName":"search_term_string"}}],"inLanguage":"de"},{"@type":"Organization","@id":"https:\/\/www.waegeli.ch\/de\/#organization","name":"Schreinerei Otto W\u00e4geli AG","url":"https:\/\/www.waegeli.ch\/de\/","logo":{"@type":"ImageObject","inLanguage":"de","@id":"https:\/\/www.waegeli.ch\/de\/#\/schema\/logo\/image\/","url":"https:\/\/www.waegeli.ch\/wp-content\/uploads\/2022\/10\/OttoWaegeli.png","contentUrl":"https:\/\/www.waegeli.ch\/wp-content\/uploads\/2022\/10\/OttoWaegeli.png","width":233,"height":70,"caption":"Schreinerei Otto W\u00e4geli AG"},"image":{"@id":"https:\/\/www.waegeli.ch\/de\/#\/schema\/logo\/image\/"}}]}},"_links":{"self":[{"href":"https:\/\/www.waegeli.ch\/de\/wp-json\/wp\/v2\/pages\/108","targetHints":{"allow":["GET"]}}],"collection":[{"href":"https:\/\/www.waegeli.ch\/de\/wp-json\/wp\/v2\/pages"}],"about":[{"href":"https:\/\/www.waegeli.ch\/de\/wp-json\/wp\/v2\/types\/page"}],"author":[{"embeddable":true,"href":"https:\/\/www.waegeli.ch\/de\/wp-json\/wp\/v2\/users\/2"}],"replies":[{"embeddable":true,"href":"https:\/\/www.waegeli.ch\/de\/wp-json\/wp\/v2\/comments?post=108"}],"version-history":[{"count":0,"href":"https:\/\/www.waegeli.ch\/de\/wp-json\/wp\/v2\/pages\/108\/revisions"}],"up":[{"embeddable":true,"href":"https:\/\/www.waegeli.ch\/de\/wp-json\/wp\/v2\/pages\/40"}],"wp:featuredmedia":[{"embeddable":true,"href":"https:\/\/www.waegeli.ch\/de\/wp-json\/wp\/v2\/media\/2421"}],"wp:attachment":[{"href":"https:\/\/www.waegeli.ch\/de\/wp-json\/wp\/v2\/media?parent=108"}],"curies":[{"name":"wp","href":"https:\/\/api.w.org\/{rel}","templated":true}]}}