{"id":287,"date":"2022-10-27T10:15:16","date_gmt":"2022-10-27T08:15:16","guid":{"rendered":"https:\/\/www.waegeli.ch\/?page_id=287"},"modified":"2022-11-24T10:59:49","modified_gmt":"2022-11-24T09:59:49","slug":"restaurationen","status":"publish","type":"page","link":"https:\/\/www.waegeli.ch\/de\/angebot\/restaurationen\/","title":{"rendered":"Restaurationen"},"content":{"rendered":"\t\t<div data-elementor-type=\"wp-page\" data-elementor-id=\"287\" class=\"elementor elementor-287\" data-elementor-post-type=\"page\">\n\t\t\t\t\t\t<section class=\"elementor-section elementor-top-section elementor-element elementor-element-383825b elementor-section-boxed elementor-section-height-default elementor-section-height-default\" data-id=\"383825b\" data-element_type=\"section\" data-e-type=\"section\">\n\t\t\t\t\t\t<div class=\"elementor-container elementor-column-gap-default\">\n\t\t\t\t\t<div class=\"elementor-column elementor-col-100 elementor-top-column elementor-element elementor-element-f72e74b\" data-id=\"f72e74b\" data-element_type=\"column\" data-e-type=\"column\">\n\t\t\t<div class=\"elementor-widget-wrap elementor-element-populated\">\n\t\t\t\t\t\t<section class=\"elementor-section elementor-inner-section elementor-element elementor-element-445c0af elementor-section-height-default elementor-section-boxed elementor-section-height-default\" data-id=\"445c0af\" data-element_type=\"section\" data-e-type=\"section\">\n\t\t\t\t\t\t<div class=\"elementor-container elementor-column-gap-default\">\n\t\t\t\t\t<div class=\"elementor-column elementor-col-100 elementor-top-column elementor-element elementor-element-6fe5e0e\" data-id=\"6fe5e0e\" data-element_type=\"column\" data-e-type=\"column\">\n\t\t\t<div class=\"elementor-widget-wrap elementor-element-populated\">\n\t\t\t\t\t\t<section class=\"elementor-section elementor-inner-section elementor-element elementor-element-a8a3f02 elementor-section-boxed elementor-section-height-default elementor-section-height-default\" data-id=\"a8a3f02\" data-element_type=\"section\" data-e-type=\"section\">\n\t\t\t\t\t\t<div class=\"elementor-container elementor-column-gap-default\">\n\t\t\t\t\t<div class=\"elementor-column elementor-col-50 elementor-inner-column elementor-element elementor-element-a31fa1b\" data-id=\"a31fa1b\" data-element_type=\"column\" data-e-type=\"column\">\n\t\t\t<div class=\"elementor-widget-wrap elementor-element-populated\">\n\t\t\t\t\t\t<div class=\"elementor-element elementor-element-b2ad197 elementor-widget elementor-widget-heading\" data-id=\"b2ad197\" data-element_type=\"widget\" data-e-type=\"widget\" data-widget_type=\"heading.default\">\n\t\t\t\t<div class=\"elementor-widget-container\">\n\t\t\t\t\t<h1 class=\"elementor-heading-title elementor-size-default\">Restaurationen<\/h1>\t\t\t\t<\/div>\n\t\t\t\t<\/div>\n\t\t\t\t<div class=\"elementor-element elementor-element-8fba9cb elementor-widget elementor-widget-heading\" data-id=\"8fba9cb\" data-element_type=\"widget\" data-e-type=\"widget\" data-widget_type=\"heading.default\">\n\t\t\t\t<div class=\"elementor-widget-container\">\n\t\t\t\t\t<h3 class=\"elementor-heading-title elementor-size-default\">Alte M\u00f6bel in neuem Glanz!<\/h3>\t\t\t\t<\/div>\n\t\t\t\t<\/div>\n\t\t\t\t<div class=\"elementor-element elementor-element-7128e84 elementor-widget elementor-widget-text-editor\" data-id=\"7128e84\" data-element_type=\"widget\" data-e-type=\"widget\" data-widget_type=\"text-editor.default\">\n\t\t\t\t<div class=\"elementor-widget-container\">\n\t\t\t\t\t\t\t\t\t<p>Mit viel Liebe zum Detail lassen wir wertvolle M\u00f6belst\u00fccke in altem Glanz erscheinen. Fachkompetenz, Erfahrung und Sorgfalt beim Auffrischen oder Erg\u00e4nzen zeichnen unsere Arbeit aus und tragen zum Werterhalt von M\u00f6belst\u00fccke bei. Lassen Sie sich von uns beraten.<\/p>\t\t\t\t\t\t\t\t<\/div>\n\t\t\t\t<\/div>\n\t\t\t\t\t<\/div>\n\t\t<\/div>\n\t\t\t\t<div class=\"elementor-column elementor-col-50 elementor-inner-column elementor-element elementor-element-0fde083\" data-id=\"0fde083\" data-element_type=\"column\" data-e-type=\"column\">\n\t\t\t<div class=\"elementor-widget-wrap elementor-element-populated\">\n\t\t\t\t\t\t<div class=\"elementor-element elementor-element-dedec6c elementor-align-right elementor-hidden-mobile elementor-tablet-align-right elementor-widget elementor-widget-button\" data-id=\"dedec6c\" data-element_type=\"widget\" data-e-type=\"widget\" data-widget_type=\"button.default\">\n\t\t\t\t<div class=\"elementor-widget-container\">\n\t\t\t\t\t\t\t\t\t<div class=\"elementor-button-wrapper\">\n\t\t\t\t\t<a class=\"elementor-button elementor-button-link elementor-size-md\" href=\"http:\/\/www.waegeli.ch\/kontakt\/\">\n\t\t\t\t\t\t<span class=\"elementor-button-content-wrapper\">\n\t\t\t\t\t\t\t\t\t<span class=\"elementor-button-text\">Kontakt<\/span>\n\t\t\t\t\t<\/span>\n\t\t\t\t\t<\/a>\n\t\t\t\t<\/div>\n\t\t\t\t\t\t\t\t<\/div>\n\t\t\t\t<\/div>\n\t\t\t\t\t<\/div>\n\t\t<\/div>\n\t\t\t\t\t<\/div>\n\t\t<\/section>\n\t\t\t\t<div class=\"elementor-element elementor-element-97a69cd elementor-align-center elementor-tablet-align-right elementor-hidden-desktop elementor-hidden-tablet elementor-widget elementor-widget-button\" data-id=\"97a69cd\" data-element_type=\"widget\" data-e-type=\"widget\" data-widget_type=\"button.default\">\n\t\t\t\t<div class=\"elementor-widget-container\">\n\t\t\t\t\t\t\t\t\t<div class=\"elementor-button-wrapper\">\n\t\t\t\t\t<a class=\"elementor-button elementor-button-link elementor-size-md\" href=\"http:\/\/www.waegeli.ch\/kontakt\/\">\n\t\t\t\t\t\t<span class=\"elementor-button-content-wrapper\">\n\t\t\t\t\t\t\t\t\t<span class=\"elementor-button-text\">Kontakt<\/span>\n\t\t\t\t\t<\/span>\n\t\t\t\t\t<\/a>\n\t\t\t\t<\/div>\n\t\t\t\t\t\t\t\t<\/div>\n\t\t\t\t<\/div>\n\t\t\t\t<div class=\"elementor-element elementor-element-4dc74e6 elementor-widget elementor-widget-spacer\" data-id=\"4dc74e6\" data-element_type=\"widget\" data-e-type=\"widget\" data-widget_type=\"spacer.default\">\n\t\t\t\t<div class=\"elementor-widget-container\">\n\t\t\t\t\t\t\t<div class=\"elementor-spacer\">\n\t\t\t<div class=\"elementor-spacer-inner\"><\/div>\n\t\t<\/div>\n\t\t\t\t\t\t<\/div>\n\t\t\t\t<\/div>\n\t\t\t\t\t<\/div>\n\t\t<\/div>\n\t\t\t\t\t<\/div>\n\t\t<\/section>\n\t\t\t\t\t<\/div>\n\t\t<\/div>\n\t\t\t\t\t<\/div>\n\t\t<\/section>\n\t\t\t\t<\/div>\n\t\t","protected":false},"excerpt":{"rendered":"<p>Restaurationen Alte M\u00f6bel in neuem Glanz! Mit viel Liebe zum Detail lassen wir wertvolle M\u00f6belst\u00fccke in altem Glanz erscheinen. Fachkompetenz, Erfahrung und Sorgfalt beim Auffrischen oder Erg\u00e4nzen zeichnen unsere Arbeit aus und tragen zum Werterhalt von M\u00f6belst\u00fccke bei. Lassen Sie sich von uns beraten. Kontakt Kontakt<\/p>\n","protected":false},"author":2,"featured_media":390,"parent":40,"menu_order":8,"comment_status":"closed","ping_status":"closed","template":"","meta":{"_acf_changed":false,"footnotes":""},"class_list":["post-287","page","type-page","status-publish","has-post-thumbnail","hentry"],"acf":[],"yoast_head":"<!-- This site is optimized with the Yoast SEO plugin v26.9 - https:\/\/yoast.com\/product\/yoast-seo-wordpress\/ -->\n<title>Restaurationen - Schreinerei Otto W\u00e4geli AG<\/title>\n<meta name=\"description\" content=\"Alte M\u00f6bel in neuem Glanz! Mit viel Liebe zum Detail lassen wir wertvolle M\u00f6belst\u00fccke in altem Glanz erscheinen.\" \/>\n<meta name=\"robots\" content=\"index, follow, max-snippet:-1, max-image-preview:large, max-video-preview:-1\" \/>\n<link rel=\"canonical\" href=\"https:\/\/www.waegeli.ch\/de\/angebot\/restaurationen\/\" \/>\n<meta property=\"og:locale\" content=\"de_DE\" \/>\n<meta property=\"og:type\" content=\"article\" \/>\n<meta property=\"og:title\" content=\"Restaurationen - Schreinerei Otto W\u00e4geli AG\" \/>\n<meta property=\"og:description\" content=\"Alte M\u00f6bel in neuem Glanz! Mit viel Liebe zum Detail lassen wir wertvolle M\u00f6belst\u00fccke in altem Glanz erscheinen.\" \/>\n<meta property=\"og:url\" content=\"https:\/\/www.waegeli.ch\/de\/angebot\/restaurationen\/\" \/>\n<meta property=\"og:site_name\" content=\"Schreinerei Otto W\u00e4geli AG\" \/>\n<meta property=\"article:modified_time\" content=\"2022-11-24T09:59:49+00:00\" \/>\n<meta property=\"og:image\" content=\"https:\/\/www.waegeli.ch\/wp-content\/uploads\/2022\/10\/restauration-tisch-1-e1530429471446.jpg\" \/>\n\t<meta property=\"og:image:width\" content=\"1143\" \/>\n\t<meta property=\"og:image:height\" content=\"767\" \/>\n\t<meta property=\"og:image:type\" content=\"image\/jpeg\" \/>\n<meta name=\"twitter:card\" content=\"summary_large_image\" \/>\n<meta name=\"twitter:label1\" content=\"Gesch\u00e4tzte Lesezeit\" \/>\n\t<meta name=\"twitter:data1\" content=\"1\u00a0Minute\" \/>\n<script type=\"application\/ld+json\" class=\"yoast-schema-graph\">{\"@context\":\"https:\/\/schema.org\",\"@graph\":[{\"@type\":\"WebPage\",\"@id\":\"https:\/\/www.waegeli.ch\/de\/angebot\/restaurationen\/\",\"url\":\"https:\/\/www.waegeli.ch\/de\/angebot\/restaurationen\/\",\"name\":\"Restaurationen - Schreinerei Otto W\u00e4geli AG\",\"isPartOf\":{\"@id\":\"https:\/\/www.waegeli.ch\/de\/#website\"},\"primaryImageOfPage\":{\"@id\":\"https:\/\/www.waegeli.ch\/de\/angebot\/restaurationen\/#primaryimage\"},\"image\":{\"@id\":\"https:\/\/www.waegeli.ch\/de\/angebot\/restaurationen\/#primaryimage\"},\"thumbnailUrl\":\"https:\/\/www.waegeli.ch\/wp-content\/uploads\/2022\/10\/restauration-tisch-1-e1530429471446.jpg\",\"datePublished\":\"2022-10-27T08:15:16+00:00\",\"dateModified\":\"2022-11-24T09:59:49+00:00\",\"description\":\"Alte M\u00f6bel in neuem Glanz! Mit viel Liebe zum Detail lassen wir wertvolle M\u00f6belst\u00fccke in altem Glanz erscheinen.\",\"breadcrumb\":{\"@id\":\"https:\/\/www.waegeli.ch\/de\/angebot\/restaurationen\/#breadcrumb\"},\"inLanguage\":\"de\",\"potentialAction\":[{\"@type\":\"ReadAction\",\"target\":[\"https:\/\/www.waegeli.ch\/de\/angebot\/restaurationen\/\"]}]},{\"@type\":\"ImageObject\",\"inLanguage\":\"de\",\"@id\":\"https:\/\/www.waegeli.ch\/de\/angebot\/restaurationen\/#primaryimage\",\"url\":\"https:\/\/www.waegeli.ch\/wp-content\/uploads\/2022\/10\/restauration-tisch-1-e1530429471446.jpg\",\"contentUrl\":\"https:\/\/www.waegeli.ch\/wp-content\/uploads\/2022\/10\/restauration-tisch-1-e1530429471446.jpg\",\"width\":1143,\"height\":767,\"caption\":\"Restaurierter Holztisch\"},{\"@type\":\"BreadcrumbList\",\"@id\":\"https:\/\/www.waegeli.ch\/de\/angebot\/restaurationen\/#breadcrumb\",\"itemListElement\":[{\"@type\":\"ListItem\",\"position\":1,\"name\":\"Startseite\",\"item\":\"https:\/\/www.waegeli.ch\/de\/\"},{\"@type\":\"ListItem\",\"position\":2,\"name\":\"Angebot\",\"item\":\"https:\/\/www.waegeli.ch\/de\/angebot\/\"},{\"@type\":\"ListItem\",\"position\":3,\"name\":\"Restaurationen\"}]},{\"@type\":\"WebSite\",\"@id\":\"https:\/\/www.waegeli.ch\/de\/#website\",\"url\":\"https:\/\/www.waegeli.ch\/de\/\",\"name\":\"Schreinerei Otto W\u00e4geli AG\",\"description\":\"Holz ist das ganze Leben\",\"publisher\":{\"@id\":\"https:\/\/www.waegeli.ch\/de\/#organization\"},\"potentialAction\":[{\"@type\":\"SearchAction\",\"target\":{\"@type\":\"EntryPoint\",\"urlTemplate\":\"https:\/\/www.waegeli.ch\/de\/?s={search_term_string}\"},\"query-input\":{\"@type\":\"PropertyValueSpecification\",\"valueRequired\":true,\"valueName\":\"search_term_string\"}}],\"inLanguage\":\"de\"},{\"@type\":\"Organization\",\"@id\":\"https:\/\/www.waegeli.ch\/de\/#organization\",\"name\":\"Schreinerei Otto W\u00e4geli AG\",\"url\":\"https:\/\/www.waegeli.ch\/de\/\",\"logo\":{\"@type\":\"ImageObject\",\"inLanguage\":\"de\",\"@id\":\"https:\/\/www.waegeli.ch\/de\/#\/schema\/logo\/image\/\",\"url\":\"https:\/\/www.waegeli.ch\/wp-content\/uploads\/2022\/10\/OttoWaegeli.png\",\"contentUrl\":\"https:\/\/www.waegeli.ch\/wp-content\/uploads\/2022\/10\/OttoWaegeli.png\",\"width\":233,\"height\":70,\"caption\":\"Schreinerei Otto W\u00e4geli AG\"},\"image\":{\"@id\":\"https:\/\/www.waegeli.ch\/de\/#\/schema\/logo\/image\/\"}}]}<\/script>\n<!-- \/ Yoast SEO plugin. -->","yoast_head_json":{"title":"Restaurationen - Schreinerei Otto W\u00e4geli AG","description":"Alte M\u00f6bel in neuem Glanz! Mit viel Liebe zum Detail lassen wir wertvolle M\u00f6belst\u00fccke in altem Glanz erscheinen.","robots":{"index":"index","follow":"follow","max-snippet":"max-snippet:-1","max-image-preview":"max-image-preview:large","max-video-preview":"max-video-preview:-1"},"canonical":"https:\/\/www.waegeli.ch\/de\/angebot\/restaurationen\/","og_locale":"de_DE","og_type":"article","og_title":"Restaurationen - Schreinerei Otto W\u00e4geli AG","og_description":"Alte M\u00f6bel in neuem Glanz! Mit viel Liebe zum Detail lassen wir wertvolle M\u00f6belst\u00fccke in altem Glanz erscheinen.","og_url":"https:\/\/www.waegeli.ch\/de\/angebot\/restaurationen\/","og_site_name":"Schreinerei Otto W\u00e4geli AG","article_modified_time":"2022-11-24T09:59:49+00:00","og_image":[{"width":1143,"height":767,"url":"https:\/\/www.waegeli.ch\/wp-content\/uploads\/2022\/10\/restauration-tisch-1-e1530429471446.jpg","type":"image\/jpeg"}],"twitter_card":"summary_large_image","twitter_misc":{"Gesch\u00e4tzte Lesezeit":"1\u00a0Minute"},"schema":{"@context":"https:\/\/schema.org","@graph":[{"@type":"WebPage","@id":"https:\/\/www.waegeli.ch\/de\/angebot\/restaurationen\/","url":"https:\/\/www.waegeli.ch\/de\/angebot\/restaurationen\/","name":"Restaurationen - Schreinerei Otto W\u00e4geli AG","isPartOf":{"@id":"https:\/\/www.waegeli.ch\/de\/#website"},"primaryImageOfPage":{"@id":"https:\/\/www.waegeli.ch\/de\/angebot\/restaurationen\/#primaryimage"},"image":{"@id":"https:\/\/www.waegeli.ch\/de\/angebot\/restaurationen\/#primaryimage"},"thumbnailUrl":"https:\/\/www.waegeli.ch\/wp-content\/uploads\/2022\/10\/restauration-tisch-1-e1530429471446.jpg","datePublished":"2022-10-27T08:15:16+00:00","dateModified":"2022-11-24T09:59:49+00:00","description":"Alte M\u00f6bel in neuem Glanz! Mit viel Liebe zum Detail lassen wir wertvolle M\u00f6belst\u00fccke in altem Glanz erscheinen.","breadcrumb":{"@id":"https:\/\/www.waegeli.ch\/de\/angebot\/restaurationen\/#breadcrumb"},"inLanguage":"de","potentialAction":[{"@type":"ReadAction","target":["https:\/\/www.waegeli.ch\/de\/angebot\/restaurationen\/"]}]},{"@type":"ImageObject","inLanguage":"de","@id":"https:\/\/www.waegeli.ch\/de\/angebot\/restaurationen\/#primaryimage","url":"https:\/\/www.waegeli.ch\/wp-content\/uploads\/2022\/10\/restauration-tisch-1-e1530429471446.jpg","contentUrl":"https:\/\/www.waegeli.ch\/wp-content\/uploads\/2022\/10\/restauration-tisch-1-e1530429471446.jpg","width":1143,"height":767,"caption":"Restaurierter Holztisch"},{"@type":"BreadcrumbList","@id":"https:\/\/www.waegeli.ch\/de\/angebot\/restaurationen\/#breadcrumb","itemListElement":[{"@type":"ListItem","position":1,"name":"Startseite","item":"https:\/\/www.waegeli.ch\/de\/"},{"@type":"ListItem","position":2,"name":"Angebot","item":"https:\/\/www.waegeli.ch\/de\/angebot\/"},{"@type":"ListItem","position":3,"name":"Restaurationen"}]},{"@type":"WebSite","@id":"https:\/\/www.waegeli.ch\/de\/#website","url":"https:\/\/www.waegeli.ch\/de\/","name":"Schreinerei Otto W\u00e4geli AG","description":"Holz ist das ganze Leben","publisher":{"@id":"https:\/\/www.waegeli.ch\/de\/#organization"},"potentialAction":[{"@type":"SearchAction","target":{"@type":"EntryPoint","urlTemplate":"https:\/\/www.waegeli.ch\/de\/?s={search_term_string}"},"query-input":{"@type":"PropertyValueSpecification","valueRequired":true,"valueName":"search_term_string"}}],"inLanguage":"de"},{"@type":"Organization","@id":"https:\/\/www.waegeli.ch\/de\/#organization","name":"Schreinerei Otto W\u00e4geli AG","url":"https:\/\/www.waegeli.ch\/de\/","logo":{"@type":"ImageObject","inLanguage":"de","@id":"https:\/\/www.waegeli.ch\/de\/#\/schema\/logo\/image\/","url":"https:\/\/www.waegeli.ch\/wp-content\/uploads\/2022\/10\/OttoWaegeli.png","contentUrl":"https:\/\/www.waegeli.ch\/wp-content\/uploads\/2022\/10\/OttoWaegeli.png","width":233,"height":70,"caption":"Schreinerei Otto W\u00e4geli AG"},"image":{"@id":"https:\/\/www.waegeli.ch\/de\/#\/schema\/logo\/image\/"}}]}},"_links":{"self":[{"href":"https:\/\/www.waegeli.ch\/de\/wp-json\/wp\/v2\/pages\/287","targetHints":{"allow":["GET"]}}],"collection":[{"href":"https:\/\/www.waegeli.ch\/de\/wp-json\/wp\/v2\/pages"}],"about":[{"href":"https:\/\/www.waegeli.ch\/de\/wp-json\/wp\/v2\/types\/page"}],"author":[{"embeddable":true,"href":"https:\/\/www.waegeli.ch\/de\/wp-json\/wp\/v2\/users\/2"}],"replies":[{"embeddable":true,"href":"https:\/\/www.waegeli.ch\/de\/wp-json\/wp\/v2\/comments?post=287"}],"version-history":[{"count":0,"href":"https:\/\/www.waegeli.ch\/de\/wp-json\/wp\/v2\/pages\/287\/revisions"}],"up":[{"embeddable":true,"href":"https:\/\/www.waegeli.ch\/de\/wp-json\/wp\/v2\/pages\/40"}],"wp:featuredmedia":[{"embeddable":true,"href":"https:\/\/www.waegeli.ch\/de\/wp-json\/wp\/v2\/media\/390"}],"wp:attachment":[{"href":"https:\/\/www.waegeli.ch\/de\/wp-json\/wp\/v2\/media?parent=287"}],"curies":[{"name":"wp","href":"https:\/\/api.w.org\/{rel}","templated":true}]}}