{"id":3,"date":"2022-10-25T12:14:54","date_gmt":"2022-10-25T10:14:54","guid":{"rendered":"https:\/\/www.waegeli.ch\/?page_id=3"},"modified":"2023-03-09T14:53:25","modified_gmt":"2023-03-09T13:53:25","slug":"datenschutzerklaerung","status":"publish","type":"page","link":"https:\/\/www.waegeli.ch\/de\/datenschutzerklaerung\/","title":{"rendered":"Datenschutzerkl\u00e4rung"},"content":{"rendered":"\t\t<div data-elementor-type=\"wp-page\" data-elementor-id=\"3\" class=\"elementor elementor-3\" data-elementor-post-type=\"page\">\n\t\t\t\t\t\t<section class=\"elementor-section elementor-top-section elementor-element elementor-element-530e62bb elementor-section-boxed elementor-section-height-default elementor-section-height-default\" data-id=\"530e62bb\" data-element_type=\"section\" data-e-type=\"section\">\n\t\t\t\t\t\t<div class=\"elementor-container elementor-column-gap-default\">\n\t\t\t\t\t<div class=\"elementor-column elementor-col-100 elementor-top-column elementor-element elementor-element-d72930b\" data-id=\"d72930b\" data-element_type=\"column\" data-e-type=\"column\">\n\t\t\t<div class=\"elementor-widget-wrap elementor-element-populated\">\n\t\t\t\t\t\t<div class=\"elementor-element elementor-element-7083422 elementor-widget elementor-widget-spacer\" data-id=\"7083422\" data-element_type=\"widget\" data-e-type=\"widget\" data-widget_type=\"spacer.default\">\n\t\t\t\t<div class=\"elementor-widget-container\">\n\t\t\t\t\t\t\t<div class=\"elementor-spacer\">\n\t\t\t<div class=\"elementor-spacer-inner\"><\/div>\n\t\t<\/div>\n\t\t\t\t\t\t<\/div>\n\t\t\t\t<\/div>\n\t\t\t\t<div class=\"elementor-element elementor-element-20eeb5b elementor-widget elementor-widget-heading\" data-id=\"20eeb5b\" data-element_type=\"widget\" data-e-type=\"widget\" data-widget_type=\"heading.default\">\n\t\t\t\t<div class=\"elementor-widget-container\">\n\t\t\t\t\t<h1 class=\"elementor-heading-title elementor-size-default\">Datenschutz<\/h1>\t\t\t\t<\/div>\n\t\t\t\t<\/div>\n\t\t\t\t<div class=\"elementor-element elementor-element-734751df elementor-widget elementor-widget-text-editor\" data-id=\"734751df\" data-element_type=\"widget\" data-e-type=\"widget\" data-widget_type=\"text-editor.default\">\n\t\t\t\t<div class=\"elementor-widget-container\">\n\t\t\t\t\t\t\t\t\t<p><\/p>\n<p>Unsere verantwortliche Stelle f\u00fcr die geltenden Datenschutzgesetze, insbesondere der EU-Datenschutzgrundverordnung (DSGVO):<\/p>\n<p>\u00a0<\/p>\n<p>Otto W\u00e4geli AG<br \/>Bau- und M\u00f6belschreinerei<br \/>Iselisweg 32<br \/>8524 Iselisberg-Uesslingen<br \/>Gesch\u00e4ftsf\u00fchrer \/ Inhaber: Klemens W\u00e4geli<br \/>Link zum Impressum: <a href=\"https:\/\/www.waegeli.ch\/de\/impressum\/\">Impressum<\/a><\/p>\n<h2 class=\"wp-block-heading\">\u00a0<\/h2>\n<h3>Ihre Rechte<\/h3>\n<p>Kommen Sie jederzeit auf uns zu, wenn Sie Fragen zu folgenden Rechten haben:<\/p>\n<ul>\n<li>Auskunft \u00fcber Ihre Daten und deren Verarbeitung,<\/li>\n<li>Berichtigung Ihrer pers\u00f6nlicher Daten<\/li>\n<li>L\u00f6schung Ihrer bei uns gespeicherten Daten<\/li>\n<li>Einschr\u00e4nkung bei der Datenverarbeitung, oder falls wir diese aufgrund gesetzlicher Pflichten noch nicht l\u00f6schen d\u00fcrfen<\/li>\n<li>Widerspruch gegen die Verarbeitung Ihrer Daten<\/li>\n<li>Daten\u00fcbertragbarkeit, sofern Sie einen Vertrag mit uns abgeschlossen haben oder eine Bewilligung zur Datenverarbeitung vorliegt.<\/li>\n<\/ul>\n<p>\u00a0<\/p>\n<p>Eine einmal erteilte Einwilligung kann selbstverst\u00e4ndlich jederzeit widerrufen werden. Bitte wenden Sie sich bei Beschwerden an die f\u00fcr Sie zust\u00e4ndige Aufsichtsbeh\u00f6rde. Diese hat ihren Sitz im Bundesland Ihres Wohnsitzes, Ihrer Arbeit oder dem Ort der mutmasslichen Verletzung.<\/p>\n<p>\u00a0<\/p>\n<h3>Zweck der Datenverarbeitung<\/h3>\n<p>Ihre personenbezogenen Daten werden nur zu den in dieser Datenschutzvereinbarung genannten Zwecken benutzt. Wir verzichten darauf, Ihre pers\u00f6nlichen Daten zu anderen als den genannten Zwecken an Dritte zu \u00fcbermitteln. Ihre pers\u00f6nlichen Daten werden ausschliesslich in folgenden F\u00e4llen an Dritte weitergegeben:<\/p>\n<ul>\n<li>Wenn Sie Ihre ausdr\u00fcckliche Einwilligung dazu erteilt haben<\/li>\n<li>Wenn die Verarbeitung zur Abwicklung eines Vertrags erforderlich ist<\/li>\n<li>Wenn die Verarbeitung zur Erf\u00fcllung einer rechtlichen Verpflichtung erforderlich ist<\/li>\n<li>Wenn die Verarbeitung zur Wahrung berechtigter Interessen erforderlich ist<\/li>\n<li>Wenn kein Grund zur Annahme besteht, dass Sie ein \u00fcberwiegendes schutzw\u00fcrdiges Interesse an der Nichtweitergabe Ihrer Daten haben<\/li>\n<\/ul>\n<p>\u00a0<\/p>\n<h3>L\u00f6schung oder Sperrung Ihrer Daten<\/h3>\n<p>Datenvermeidung und Datensparsamkeit sind uns wichtig. Ihre Daten werden daher nur so lange gespeichert, wie dies zur Erreichung der hier genannten Zwecke erforderlich oder vom Gesetzgeber gefordert ist. Ihre personenbezogenen Daten werden nach Erf\u00fcllung des Zweckes, bzw. nach Ablauf der Fristen entsprechend der gesetzlichen Vorschriften routinem\u00e4ssig gesperrt oder gel\u00f6scht.<\/p>\n<p>\u00a0<\/p>\n<h3>Cookies und Erfassung allgemeiner Informationen beim Besuch unserer Webseite<\/h3>\n<p>Wir verwenden auf unserer Webseite Cookies. Wenn Sie diese besuchen, werden Informationen allgemeiner Natur erfasst. Cookies sind kleine Textdateien, die von einem Webseite-Server auf Ihre Festplatte \u00fcbertragen werden Diese Informationen (Server-Logfiles) beinhalten z.B.: Art des Webbrowsers, verwendetes Betriebssystem, Domainname Ihres Internet-Service-Providers u.\u00e4. Bei diesem Vorgang sammeln wir ausschliesslich Informationen, die keine R\u00fcckschl\u00fcsse auf Ihre Person zulassen. Keine Sorge: Cookies k\u00f6nnen nicht verwendet werden, um Programme zu starten oder Viren auf Ihren Computer zu \u00fcbertragen. Anhand der Informationen k\u00f6nnen wir Ihnen nur die Webseiten-Navigation erleichtern. Wir ben\u00f6tigen diese technischen Informationen, um unsere Webseiteninhalte korrekt auszuliefern. Sie werden vor allem zu folgenden Zwecken verarbeitet und werden ausschliesslich der verantwortlichen Stelle sowie allf\u00e4lligen Auftragsverarbeitern zur Verf\u00fcgung gestellt:<\/p>\n<ul>\n<li>Sicherstellung eines problemlosen Verbindungsaufbaus unserer Webseite<\/li>\n<li>Sicherstellung einer reibungslosen Nutzung unserer Webseite<\/li>\n<li>Auswertung der Systemsicherheit und -stabilit\u00e4t<\/li>\n<li>Zu weiteren administrativen Zwecken<\/li>\n<\/ul>\n<p>Wir verwenden anonyme Informationen besagter Art, um diese ggf. statistisch auszuwerten und um unseren Internetauftritt sowie dessen Technik zu optimieren. Unter keinen Umst\u00e4nden werden die Informationen an Dritte weitergegeben. Nat\u00fcrlich k\u00f6nnen Sie unsere Webseite grunds\u00e4tzlich auch ohne Cookies betrachten. Sie k\u00f6nnen die Verwendung der Cookies jederzeit \u00fcber die Einstellung Ihres Browsers deaktivieren und m\u00fcssen diese nicht akzeptieren. Die Hilfefunktion Ihres Internetbrowsers hilft Ihnen bei der Deaktivierung. Bitte beachten Sie, dass einzelne Funktionen unserer Webseite m\u00f6glicherweise nicht funktionieren, wenn Sie die Verwendung von Cookies deaktiviert haben.<\/p>\n<p>\u00a0<\/p>\n<h3>SSL-Verschl\u00fcsselung<\/h3>\n<p>Wir verwenden das dem aktuellsten Stand der Technik entsprechende Verschl\u00fcsselungsverfahren (z.B. SSL) \u00fcber HTTPS, um die Sicherheit Ihrer Daten bei der \u00dcbertragung zu gew\u00e4hrleisten.<\/p>\n<p>\u00a0<\/p>\n<h3>Google Analytics<\/h3>\n<p>Unsere Webseite benutzt Google Analytics, einen Webanalysedienst der Google Inc. (nachfolgend Google genannt). Google Analytics verwendet Cookies, also Textdateien, die auf Ihrem Computer gespeichert werden und die eine Analyse der Webseitennutzung erm\u00f6glichen. Die durch das Cookie erzeugten Daten werden an einen Google-Server in den USA \u00fcbertragen und dort gespeichert. Aufgrund der Aktivierung der IP-Anonymisierung auf Webseiten, wird Ihre IP-Adresse von Google jedoch in EU-Mitgliedstaaten und in anderen Vertragsstaaten des Abkommens \u00fcber den Europ\u00e4ischen Wirtschaftsraum gek\u00fcrzt. Nur in Ausnahmen erh\u00e4lt der Google-Server Ihre ungek\u00fcrzte IP-Adresse und wird erst vor Ort gek\u00fcrzt. In unserem Auftrag als Webseitenbetreiber, benutzt Google diese Informationen, um Reports \u00fcber die Webseitenaktivit\u00e4ten zu erstellen und die Nutzung der Webseite auszuwerten. Die Google Analytics-Daten werden nicht mit anderen Google-Daten zusammengef\u00fchrt. Weitere Informationen zu Cookies und deren Deaktivierung entnehmen Sie dieser Datenschutzerkl\u00e4rung weiter vorne. Sie k\u00f6nnen Google Analytics zudem unter folgendem Link deaktivieren: <a href=\"https:\/\/tools.google.com\/dlpage\/gaoptout\">Browser Add On zur Deaktivierung von Google Analytics.<\/a><\/p>\n<p>\u00a0<\/p>\n<h3>Google Maps<\/h3>\n<p>Wir verwenden auf unserer Webseite Google Maps API, um geografische Informationen visuell darzustellen. Wird Google Maps genutzt, werden von Google u.a. Daten zur Nutzung der Kartenfunktion erhoben. Den Google-Datenschutzhinweisen (<a href=\"https:\/\/policies.google.com\/privacy\">https:\/\/policies.google.com\/privacy<\/a>) k\u00f6nnen Sie dazu wichtige Informationen entnehmen. Im Google Datenschutzcenter k\u00f6nnen Sie auch Ihre pers\u00f6nlichen Einstellungen anpassen.<br \/>Weitere Anleitungen zur Verwaltung Ihrer eigenen Google-Daten finden Sie hier. <a href=\"https:\/\/support.google.com\/accounts\/answer\/3024190\">https:\/\/support.google.com\/accounts\/answer\/3024190<\/a><\/p>\n<p>\u00a0<\/p>\n<h3>Scriptbibliotheken (Google Webfonts)<\/h3>\n<p>Um unsere Webinhalte browser\u00fcbergreifend grafisch ansprechend und inhaltlich korrekt darzustellen, verwenden wir auf dieser Webseite Script-Bibliotheken und Schriftbibliotheken wie z.B. Google Webfonts: (<a href=\"https:\/\/www.google.com\/webfonts\/\">https:\/\/www.google.com\/webfonts\/<\/a>). Damit Inhalte nicht mehrfach geladen werden, werden Google Webfonts in den Cache Ihres Browsers \u00fcbertragen. Unterst\u00fctzt Ihr Browser keine Google Webfonts oder unterbindet den Zugriff, wird auf Standardschrift zur\u00fcckgegriffen. Werden Script-Bibliotheken oder Schriftbibliotheken aufgerufen, l\u00f6st dies automatisch eine Verbindung zum Betreiber der Bibliothek aus. Dabei kann es theoretisch sein, allerdings nicht bewiesen, dass Betreiber entsprechender Bibliotheken ebenfalls Daten erheben. Hier finden Sie die Datenschutzrichtlinien der Google-Bibliotheken: <a href=\"https:\/\/www.google.com\/policies\/privacy\/\">https:\/\/www.google.com\/policies\/privacy\/<\/a><\/p>\n<p>\u00a0<\/p>\n<h3>\u00c4nderung unserer Datenschutzbestimmungen<\/h3>\n<p>Um aktuellen rechtlichen Forderungen gerecht zu werden oder \u00c4nderungen unserer Leistungen umzusetzen (z.B. bei der Einf\u00fchrung neuer Services), behalten wir uns vor, die vorliegende Datenschutzerkl\u00e4rung anzupassen. Bei Ihrem n\u00e4chsten Besuch gilt dann die neue Datenschutzerkl\u00e4rung.<\/p>\n<p>\u00a0<\/p>\n<h3>Fragen an den Datenschutzbeauftragten<\/h3>\n<p>Bitte wenden Sie sich in Sachen Datenschutz direkt an folgenden Kontakt in unserer Organisation: Klemens W\u00e4geli<\/p>\n<p><\/p>\t\t\t\t\t\t\t\t<\/div>\n\t\t\t\t<\/div>\n\t\t\t\t\t<\/div>\n\t\t<\/div>\n\t\t\t\t\t<\/div>\n\t\t<\/section>\n\t\t\t\t<\/div>\n\t\t","protected":false},"excerpt":{"rendered":"<p>Datenschutz Unsere verantwortliche Stelle f\u00fcr die geltenden Datenschutzgesetze, insbesondere der EU-Datenschutzgrundverordnung (DSGVO): \u00a0 Otto W\u00e4geli AGBau- und M\u00f6belschreinereiIselisweg 328524 Iselisberg-UesslingenGesch\u00e4ftsf\u00fchrer \/ Inhaber: Klemens W\u00e4geliLink zum Impressum: Impressum \u00a0 Ihre Rechte Kommen Sie jederzeit auf uns zu, wenn Sie Fragen zu folgenden Rechten haben: Auskunft \u00fcber Ihre Daten und deren Verarbeitung, Berichtigung Ihrer pers\u00f6nlicher Daten L\u00f6schung [&hellip;]<\/p>\n","protected":false},"author":2,"featured_media":449,"parent":0,"menu_order":0,"comment_status":"closed","ping_status":"closed","template":"","meta":{"_acf_changed":false,"footnotes":""},"class_list":["post-3","page","type-page","status-publish","has-post-thumbnail","hentry"],"acf":[],"yoast_head":"<!-- This site is optimized with the Yoast SEO plugin v26.9 - https:\/\/yoast.com\/product\/yoast-seo-wordpress\/ -->\n<title>Datenschutzerkl\u00e4rung - Schreinerei Otto W\u00e4geli AG<\/title>\n<meta name=\"description\" content=\"Hier finden Sie unsere Datenschutzerkl\u00e4rung.\" \/>\n<meta name=\"robots\" content=\"noindex, follow\" \/>\n<meta property=\"og:locale\" content=\"de_DE\" \/>\n<meta property=\"og:type\" content=\"article\" \/>\n<meta property=\"og:title\" content=\"Datenschutzerkl\u00e4rung - Schreinerei Otto W\u00e4geli AG\" \/>\n<meta property=\"og:description\" content=\"Hier finden Sie unsere Datenschutzerkl\u00e4rung.\" \/>\n<meta property=\"og:url\" content=\"https:\/\/www.waegeli.ch\/de\/datenschutzerklaerung\/\" \/>\n<meta property=\"og:site_name\" content=\"Schreinerei Otto W\u00e4geli AG\" \/>\n<meta property=\"article:modified_time\" content=\"2023-03-09T13:53:25+00:00\" \/>\n<meta property=\"og:image\" content=\"https:\/\/www.waegeli.ch\/wp-content\/uploads\/2022\/10\/holzbretter-1-1.jpg\" \/>\n\t<meta property=\"og:image:width\" content=\"1500\" \/>\n\t<meta property=\"og:image:height\" content=\"1000\" \/>\n\t<meta property=\"og:image:type\" content=\"image\/jpeg\" \/>\n<meta name=\"twitter:card\" content=\"summary_large_image\" \/>\n<meta name=\"twitter:label1\" content=\"Gesch\u00e4tzte Lesezeit\" \/>\n\t<meta name=\"twitter:data1\" content=\"6\u00a0Minuten\" \/>\n<script type=\"application\/ld+json\" class=\"yoast-schema-graph\">{\"@context\":\"https:\/\/schema.org\",\"@graph\":[{\"@type\":\"WebPage\",\"@id\":\"https:\/\/www.waegeli.ch\/de\/datenschutzerklaerung\/\",\"url\":\"https:\/\/www.waegeli.ch\/de\/datenschutzerklaerung\/\",\"name\":\"Datenschutzerkl\u00e4rung - Schreinerei Otto W\u00e4geli AG\",\"isPartOf\":{\"@id\":\"https:\/\/www.waegeli.ch\/de\/#website\"},\"primaryImageOfPage\":{\"@id\":\"https:\/\/www.waegeli.ch\/de\/datenschutzerklaerung\/#primaryimage\"},\"image\":{\"@id\":\"https:\/\/www.waegeli.ch\/de\/datenschutzerklaerung\/#primaryimage\"},\"thumbnailUrl\":\"https:\/\/www.waegeli.ch\/wp-content\/uploads\/2022\/10\/holzbretter-1-1.jpg\",\"datePublished\":\"2022-10-25T10:14:54+00:00\",\"dateModified\":\"2023-03-09T13:53:25+00:00\",\"description\":\"Hier finden Sie unsere Datenschutzerkl\u00e4rung.\",\"breadcrumb\":{\"@id\":\"https:\/\/www.waegeli.ch\/de\/datenschutzerklaerung\/#breadcrumb\"},\"inLanguage\":\"de\",\"potentialAction\":[{\"@type\":\"ReadAction\",\"target\":[\"https:\/\/www.waegeli.ch\/de\/datenschutzerklaerung\/\"]}]},{\"@type\":\"ImageObject\",\"inLanguage\":\"de\",\"@id\":\"https:\/\/www.waegeli.ch\/de\/datenschutzerklaerung\/#primaryimage\",\"url\":\"https:\/\/www.waegeli.ch\/wp-content\/uploads\/2022\/10\/holzbretter-1-1.jpg\",\"contentUrl\":\"https:\/\/www.waegeli.ch\/wp-content\/uploads\/2022\/10\/holzbretter-1-1.jpg\",\"width\":1500,\"height\":1000,\"caption\":\"Holzbretter\"},{\"@type\":\"BreadcrumbList\",\"@id\":\"https:\/\/www.waegeli.ch\/de\/datenschutzerklaerung\/#breadcrumb\",\"itemListElement\":[{\"@type\":\"ListItem\",\"position\":1,\"name\":\"Startseite\",\"item\":\"https:\/\/www.waegeli.ch\/de\/\"},{\"@type\":\"ListItem\",\"position\":2,\"name\":\"Datenschutzerkl\u00e4rung\"}]},{\"@type\":\"WebSite\",\"@id\":\"https:\/\/www.waegeli.ch\/de\/#website\",\"url\":\"https:\/\/www.waegeli.ch\/de\/\",\"name\":\"Schreinerei Otto W\u00e4geli AG\",\"description\":\"Holz ist das ganze Leben\",\"publisher\":{\"@id\":\"https:\/\/www.waegeli.ch\/de\/#organization\"},\"potentialAction\":[{\"@type\":\"SearchAction\",\"target\":{\"@type\":\"EntryPoint\",\"urlTemplate\":\"https:\/\/www.waegeli.ch\/de\/?s={search_term_string}\"},\"query-input\":{\"@type\":\"PropertyValueSpecification\",\"valueRequired\":true,\"valueName\":\"search_term_string\"}}],\"inLanguage\":\"de\"},{\"@type\":\"Organization\",\"@id\":\"https:\/\/www.waegeli.ch\/de\/#organization\",\"name\":\"Schreinerei Otto W\u00e4geli AG\",\"url\":\"https:\/\/www.waegeli.ch\/de\/\",\"logo\":{\"@type\":\"ImageObject\",\"inLanguage\":\"de\",\"@id\":\"https:\/\/www.waegeli.ch\/de\/#\/schema\/logo\/image\/\",\"url\":\"https:\/\/www.waegeli.ch\/wp-content\/uploads\/2022\/10\/OttoWaegeli.png\",\"contentUrl\":\"https:\/\/www.waegeli.ch\/wp-content\/uploads\/2022\/10\/OttoWaegeli.png\",\"width\":233,\"height\":70,\"caption\":\"Schreinerei Otto W\u00e4geli AG\"},\"image\":{\"@id\":\"https:\/\/www.waegeli.ch\/de\/#\/schema\/logo\/image\/\"}}]}<\/script>\n<!-- \/ Yoast SEO plugin. -->","yoast_head_json":{"title":"Datenschutzerkl\u00e4rung - Schreinerei Otto W\u00e4geli AG","description":"Hier finden Sie unsere Datenschutzerkl\u00e4rung.","robots":{"index":"noindex","follow":"follow"},"og_locale":"de_DE","og_type":"article","og_title":"Datenschutzerkl\u00e4rung - Schreinerei Otto W\u00e4geli AG","og_description":"Hier finden Sie unsere Datenschutzerkl\u00e4rung.","og_url":"https:\/\/www.waegeli.ch\/de\/datenschutzerklaerung\/","og_site_name":"Schreinerei Otto W\u00e4geli AG","article_modified_time":"2023-03-09T13:53:25+00:00","og_image":[{"width":1500,"height":1000,"url":"https:\/\/www.waegeli.ch\/wp-content\/uploads\/2022\/10\/holzbretter-1-1.jpg","type":"image\/jpeg"}],"twitter_card":"summary_large_image","twitter_misc":{"Gesch\u00e4tzte Lesezeit":"6\u00a0Minuten"},"schema":{"@context":"https:\/\/schema.org","@graph":[{"@type":"WebPage","@id":"https:\/\/www.waegeli.ch\/de\/datenschutzerklaerung\/","url":"https:\/\/www.waegeli.ch\/de\/datenschutzerklaerung\/","name":"Datenschutzerkl\u00e4rung - Schreinerei Otto W\u00e4geli AG","isPartOf":{"@id":"https:\/\/www.waegeli.ch\/de\/#website"},"primaryImageOfPage":{"@id":"https:\/\/www.waegeli.ch\/de\/datenschutzerklaerung\/#primaryimage"},"image":{"@id":"https:\/\/www.waegeli.ch\/de\/datenschutzerklaerung\/#primaryimage"},"thumbnailUrl":"https:\/\/www.waegeli.ch\/wp-content\/uploads\/2022\/10\/holzbretter-1-1.jpg","datePublished":"2022-10-25T10:14:54+00:00","dateModified":"2023-03-09T13:53:25+00:00","description":"Hier finden Sie unsere Datenschutzerkl\u00e4rung.","breadcrumb":{"@id":"https:\/\/www.waegeli.ch\/de\/datenschutzerklaerung\/#breadcrumb"},"inLanguage":"de","potentialAction":[{"@type":"ReadAction","target":["https:\/\/www.waegeli.ch\/de\/datenschutzerklaerung\/"]}]},{"@type":"ImageObject","inLanguage":"de","@id":"https:\/\/www.waegeli.ch\/de\/datenschutzerklaerung\/#primaryimage","url":"https:\/\/www.waegeli.ch\/wp-content\/uploads\/2022\/10\/holzbretter-1-1.jpg","contentUrl":"https:\/\/www.waegeli.ch\/wp-content\/uploads\/2022\/10\/holzbretter-1-1.jpg","width":1500,"height":1000,"caption":"Holzbretter"},{"@type":"BreadcrumbList","@id":"https:\/\/www.waegeli.ch\/de\/datenschutzerklaerung\/#breadcrumb","itemListElement":[{"@type":"ListItem","position":1,"name":"Startseite","item":"https:\/\/www.waegeli.ch\/de\/"},{"@type":"ListItem","position":2,"name":"Datenschutzerkl\u00e4rung"}]},{"@type":"WebSite","@id":"https:\/\/www.waegeli.ch\/de\/#website","url":"https:\/\/www.waegeli.ch\/de\/","name":"Schreinerei Otto W\u00e4geli AG","description":"Holz ist das ganze Leben","publisher":{"@id":"https:\/\/www.waegeli.ch\/de\/#organization"},"potentialAction":[{"@type":"SearchAction","target":{"@type":"EntryPoint","urlTemplate":"https:\/\/www.waegeli.ch\/de\/?s={search_term_string}"},"query-input":{"@type":"PropertyValueSpecification","valueRequired":true,"valueName":"search_term_string"}}],"inLanguage":"de"},{"@type":"Organization","@id":"https:\/\/www.waegeli.ch\/de\/#organization","name":"Schreinerei Otto W\u00e4geli AG","url":"https:\/\/www.waegeli.ch\/de\/","logo":{"@type":"ImageObject","inLanguage":"de","@id":"https:\/\/www.waegeli.ch\/de\/#\/schema\/logo\/image\/","url":"https:\/\/www.waegeli.ch\/wp-content\/uploads\/2022\/10\/OttoWaegeli.png","contentUrl":"https:\/\/www.waegeli.ch\/wp-content\/uploads\/2022\/10\/OttoWaegeli.png","width":233,"height":70,"caption":"Schreinerei Otto W\u00e4geli AG"},"image":{"@id":"https:\/\/www.waegeli.ch\/de\/#\/schema\/logo\/image\/"}}]}},"_links":{"self":[{"href":"https:\/\/www.waegeli.ch\/de\/wp-json\/wp\/v2\/pages\/3","targetHints":{"allow":["GET"]}}],"collection":[{"href":"https:\/\/www.waegeli.ch\/de\/wp-json\/wp\/v2\/pages"}],"about":[{"href":"https:\/\/www.waegeli.ch\/de\/wp-json\/wp\/v2\/types\/page"}],"author":[{"embeddable":true,"href":"https:\/\/www.waegeli.ch\/de\/wp-json\/wp\/v2\/users\/2"}],"replies":[{"embeddable":true,"href":"https:\/\/www.waegeli.ch\/de\/wp-json\/wp\/v2\/comments?post=3"}],"version-history":[{"count":0,"href":"https:\/\/www.waegeli.ch\/de\/wp-json\/wp\/v2\/pages\/3\/revisions"}],"wp:featuredmedia":[{"embeddable":true,"href":"https:\/\/www.waegeli.ch\/de\/wp-json\/wp\/v2\/media\/449"}],"wp:attachment":[{"href":"https:\/\/www.waegeli.ch\/de\/wp-json\/wp\/v2\/media?parent=3"}],"curies":[{"name":"wp","href":"https:\/\/api.w.org\/{rel}","templated":true}]}}