{"id":301,"date":"2022-10-27T10:17:15","date_gmt":"2022-10-27T08:17:15","guid":{"rendered":"https:\/\/www.waegeli.ch\/?page_id=301"},"modified":"2022-11-24T11:02:44","modified_gmt":"2022-11-24T10:02:44","slug":"samina-bettsystem","status":"publish","type":"page","link":"https:\/\/www.waegeli.ch\/de\/angebot\/samina-bettsystem\/","title":{"rendered":"Samina-Bettsystem"},"content":{"rendered":"\t\t<div data-elementor-type=\"wp-page\" data-elementor-id=\"301\" class=\"elementor elementor-301\" data-elementor-post-type=\"page\">\n\t\t\t\t\t\t<section class=\"elementor-section elementor-top-section elementor-element elementor-element-2b2595f elementor-section-boxed elementor-section-height-default elementor-section-height-default\" data-id=\"2b2595f\" data-element_type=\"section\" data-e-type=\"section\">\n\t\t\t\t\t\t<div class=\"elementor-container elementor-column-gap-default\">\n\t\t\t\t\t<div class=\"elementor-column elementor-col-100 elementor-top-column elementor-element elementor-element-c64aef4\" data-id=\"c64aef4\" data-element_type=\"column\" data-e-type=\"column\">\n\t\t\t<div class=\"elementor-widget-wrap elementor-element-populated\">\n\t\t\t\t\t\t<section class=\"elementor-section elementor-inner-section elementor-element elementor-element-633e2c6 elementor-section-height-default elementor-section-boxed elementor-section-height-default\" data-id=\"633e2c6\" data-element_type=\"section\" data-e-type=\"section\">\n\t\t\t\t\t\t<div class=\"elementor-container elementor-column-gap-default\">\n\t\t\t\t\t<div class=\"elementor-column elementor-col-100 elementor-top-column elementor-element elementor-element-ccc21c9\" data-id=\"ccc21c9\" data-element_type=\"column\" data-e-type=\"column\">\n\t\t\t<div class=\"elementor-widget-wrap elementor-element-populated\">\n\t\t\t\t\t\t<section class=\"elementor-section elementor-inner-section elementor-element elementor-element-ca77c62 elementor-section-boxed elementor-section-height-default elementor-section-height-default\" data-id=\"ca77c62\" data-element_type=\"section\" data-e-type=\"section\">\n\t\t\t\t\t\t<div class=\"elementor-container elementor-column-gap-default\">\n\t\t\t\t\t<div class=\"elementor-column elementor-col-50 elementor-inner-column elementor-element elementor-element-d191961\" data-id=\"d191961\" data-element_type=\"column\" data-e-type=\"column\">\n\t\t\t<div class=\"elementor-widget-wrap elementor-element-populated\">\n\t\t\t\t\t\t<div class=\"elementor-element elementor-element-cfec19a elementor-widget elementor-widget-heading\" data-id=\"cfec19a\" data-element_type=\"widget\" data-e-type=\"widget\" data-widget_type=\"heading.default\">\n\t\t\t\t<div class=\"elementor-widget-container\">\n\t\t\t\t\t<h1 class=\"elementor-heading-title elementor-size-default\">Samina-Bettsystem<\/h1>\t\t\t\t<\/div>\n\t\t\t\t<\/div>\n\t\t\t\t<div class=\"elementor-element elementor-element-769c4e4 elementor-widget elementor-widget-heading\" data-id=\"769c4e4\" data-element_type=\"widget\" data-e-type=\"widget\" data-widget_type=\"heading.default\">\n\t\t\t\t<div class=\"elementor-widget-container\">\n\t\t\t\t\t<h3 class=\"elementor-heading-title elementor-size-default\">Gesund schlafen mit Samina-Bettsystem\n<\/h3>\t\t\t\t<\/div>\n\t\t\t\t<\/div>\n\t\t\t\t<div class=\"elementor-element elementor-element-4f86454 elementor-align-center elementor-tablet-align-right elementor-hidden-desktop elementor-hidden-tablet elementor-widget elementor-widget-button\" data-id=\"4f86454\" data-element_type=\"widget\" data-e-type=\"widget\" data-widget_type=\"button.default\">\n\t\t\t\t<div class=\"elementor-widget-container\">\n\t\t\t\t\t\t\t\t\t<div class=\"elementor-button-wrapper\">\n\t\t\t\t\t<a class=\"elementor-button elementor-button-link elementor-size-md\" href=\"http:\/\/www.waegeli.ch\/kontakt\/\">\n\t\t\t\t\t\t<span class=\"elementor-button-content-wrapper\">\n\t\t\t\t\t\t\t\t\t<span class=\"elementor-button-text\">Kontakt<\/span>\n\t\t\t\t\t<\/span>\n\t\t\t\t\t<\/a>\n\t\t\t\t<\/div>\n\t\t\t\t\t\t\t\t<\/div>\n\t\t\t\t<\/div>\n\t\t\t\t<div class=\"elementor-element elementor-element-20898d8 elementor-widget elementor-widget-text-editor\" data-id=\"20898d8\" data-element_type=\"widget\" data-e-type=\"widget\" data-widget_type=\"text-editor.default\">\n\t\t\t\t<div class=\"elementor-widget-container\">\n\t\t\t\t\t\t\t\t\t<p>Gesunder Schlaf ist der einfachste Weg zu mehr Gesundheit, Elan, Vitalit\u00e4t, Lebensenergie und Erfolg. Schlafforschung, die Anforderungen von \u00c4rzten und die Lehre der Wohnbiologie bilden die Basis von SAMINA. Das ganzheitliche Schlafsystem nutzt die regenerativen Energien nat\u00fcrlicher Materialien wie Holz, Schafschurwolle, Naturkautschuk und Baumwolle.<\/p><p>Verbunden mit Bettgestellen Ihrer Wahl bieten wir mit dem SAMINA-Schlafsystem eine breite Produktpalette an, die sich nach eigenen W\u00fcnschen zusammenstellen l\u00e4sst. Lassen Sie sich von unseren Spezialisten f\u00fcr Bettsysteme beraten!<\/p>\t\t\t\t\t\t\t\t<\/div>\n\t\t\t\t<\/div>\n\t\t\t\t<div class=\"elementor-element elementor-element-f907ad8 elementor-widget elementor-widget-text-editor\" data-id=\"f907ad8\" data-element_type=\"widget\" data-e-type=\"widget\" data-widget_type=\"text-editor.default\">\n\t\t\t\t<div class=\"elementor-widget-container\">\n\t\t\t\t\t\t\t\t\t<p style=\"--tw-border-spacing-x: 0; --tw-border-spacing-y: 0; --tw-translate-x: 0; --tw-translate-y: 0; --tw-rotate: 0; --tw-skew-x: 0; --tw-skew-y: 0; --tw-scale-x: 1; --tw-scale-y: 1; --tw-scroll-snap-strictness: proximity; --tw-ring-offset-width: 0px; --tw-ring-offset-color: #fff; --tw-ring-color: rgba(59, 130, 246, 0.5); --tw-ring-offset-shadow: 0 0 rgba(0,0,0,0); --tw-ring-shadow: 0 0 rgba(0,0,0,0); --tw-shadow: 0 0 rgba(0,0,0,0); --tw-shadow-colored: 0 0 rgba(0,0,0,0);\"><span style=\"--tw-border-spacing-x: 0; --tw-border-spacing-y: 0; --tw-translate-x: 0; --tw-translate-y: 0; --tw-rotate: 0; --tw-skew-x: 0; --tw-skew-y: 0; --tw-scale-x: 1; --tw-scale-y: 1; --tw-scroll-snap-strictness: proximity; --tw-ring-offset-width: 0px; --tw-ring-offset-color: #fff; --tw-ring-color: rgba(59, 130, 246, 0.5); --tw-ring-offset-shadow: 0 0 rgba(0,0,0,0); --tw-ring-shadow: 0 0 rgba(0,0,0,0); --tw-shadow: 0 0 rgba(0,0,0,0); --tw-shadow-colored: 0 0 rgba(0,0,0,0); font-weight: bolder;\">Vorteile von SAMINA\u00a0<\/span><\/p><ul style=\"--tw-border-spacing-x: 0; --tw-border-spacing-y: 0; --tw-translate-x: 0; --tw-translate-y: 0; --tw-rotate: 0; --tw-skew-x: 0; --tw-skew-y: 0; --tw-scale-x: 1; --tw-scale-y: 1; --tw-scroll-snap-strictness: proximity; --tw-ring-offset-width: 0px; --tw-ring-offset-color: #fff; --tw-ring-color: rgba(59, 130, 246, 0.5); --tw-ring-offset-shadow: 0 0 rgba(0,0,0,0); --tw-ring-shadow: 0 0 rgba(0,0,0,0); --tw-shadow: 0 0 rgba(0,0,0,0); --tw-shadow-colored: 0 0 rgba(0,0,0,0); font-size: 20px; background-color: #ffffff;\"><li style=\"--tw-border-spacing-x: 0; --tw-border-spacing-y: 0; --tw-translate-x: 0; --tw-translate-y: 0; --tw-rotate: 0; --tw-skew-x: 0; --tw-skew-y: 0; --tw-scale-x: 1; --tw-scale-y: 1; --tw-scroll-snap-strictness: proximity; --tw-ring-offset-width: 0px; --tw-ring-offset-color: #fff; --tw-ring-color: rgba(59, 130, 246, 0.5); --tw-ring-offset-shadow: 0 0 rgba(0,0,0,0); --tw-ring-shadow: 0 0 rgba(0,0,0,0); --tw-shadow: 0 0 rgba(0,0,0,0); --tw-shadow-colored: 0 0 rgba(0,0,0,0); font-size: 20px;\">ganzheitlich<\/li><li style=\"--tw-border-spacing-x: 0; --tw-border-spacing-y: 0; --tw-translate-x: 0; --tw-translate-y: 0; --tw-rotate: 0; --tw-skew-x: 0; --tw-skew-y: 0; --tw-scale-x: 1; --tw-scale-y: 1; --tw-scroll-snap-strictness: proximity; --tw-ring-offset-width: 0px; --tw-ring-offset-color: #fff; --tw-ring-color: rgba(59, 130, 246, 0.5); --tw-ring-offset-shadow: 0 0 rgba(0,0,0,0); --tw-ring-shadow: 0 0 rgba(0,0,0,0); --tw-shadow: 0 0 rgba(0,0,0,0); --tw-shadow-colored: 0 0 rgba(0,0,0,0); font-size: 20px;\">100% nat\u00fcrlich<\/li><li style=\"--tw-border-spacing-x: 0; --tw-border-spacing-y: 0; --tw-translate-x: 0; --tw-translate-y: 0; --tw-rotate: 0; --tw-skew-x: 0; --tw-skew-y: 0; --tw-scale-x: 1; --tw-scale-y: 1; --tw-scroll-snap-strictness: proximity; --tw-ring-offset-width: 0px; --tw-ring-offset-color: #fff; --tw-ring-color: rgba(59, 130, 246, 0.5); --tw-ring-offset-shadow: 0 0 rgba(0,0,0,0); --tw-ring-shadow: 0 0 rgba(0,0,0,0); --tw-shadow: 0 0 rgba(0,0,0,0); --tw-shadow-colored: 0 0 rgba(0,0,0,0); font-size: 20px;\">handgefertigt<\/li><li style=\"--tw-border-spacing-x: 0; --tw-border-spacing-y: 0; --tw-translate-x: 0; --tw-translate-y: 0; --tw-rotate: 0; --tw-skew-x: 0; --tw-skew-y: 0; --tw-scale-x: 1; --tw-scale-y: 1; --tw-scroll-snap-strictness: proximity; --tw-ring-offset-width: 0px; --tw-ring-offset-color: #fff; --tw-ring-color: rgba(59, 130, 246, 0.5); --tw-ring-offset-shadow: 0 0 rgba(0,0,0,0); --tw-ring-shadow: 0 0 rgba(0,0,0,0); --tw-shadow: 0 0 rgba(0,0,0,0); --tw-shadow-colored: 0 0 rgba(0,0,0,0); font-size: 20px;\">gesund<\/li><li style=\"--tw-border-spacing-x: 0; --tw-border-spacing-y: 0; --tw-translate-x: 0; --tw-translate-y: 0; --tw-rotate: 0; --tw-skew-x: 0; --tw-skew-y: 0; --tw-scale-x: 1; --tw-scale-y: 1; --tw-scroll-snap-strictness: proximity; --tw-ring-offset-width: 0px; --tw-ring-offset-color: #fff; --tw-ring-color: rgba(59, 130, 246, 0.5); --tw-ring-offset-shadow: 0 0 rgba(0,0,0,0); --tw-ring-shadow: 0 0 rgba(0,0,0,0); --tw-shadow: 0 0 rgba(0,0,0,0); --tw-shadow-colored: 0 0 rgba(0,0,0,0); font-size: 20px;\">komfortabel<\/li><li style=\"--tw-border-spacing-x: 0; --tw-border-spacing-y: 0; --tw-translate-x: 0; --tw-translate-y: 0; --tw-rotate: 0; --tw-skew-x: 0; --tw-skew-y: 0; --tw-scale-x: 1; --tw-scale-y: 1; --tw-scroll-snap-strictness: proximity; --tw-ring-offset-width: 0px; --tw-ring-offset-color: #fff; --tw-ring-color: rgba(59, 130, 246, 0.5); --tw-ring-offset-shadow: 0 0 rgba(0,0,0,0); --tw-ring-shadow: 0 0 rgba(0,0,0,0); --tw-shadow: 0 0 rgba(0,0,0,0); --tw-shadow-colored: 0 0 rgba(0,0,0,0); font-size: 20px;\">individuell<\/li><\/ul>\t\t\t\t\t\t\t\t<\/div>\n\t\t\t\t<\/div>\n\t\t\t\t\t<\/div>\n\t\t<\/div>\n\t\t\t\t<div class=\"elementor-column elementor-col-50 elementor-inner-column elementor-element elementor-element-8d0f612\" data-id=\"8d0f612\" data-element_type=\"column\" data-e-type=\"column\">\n\t\t\t<div class=\"elementor-widget-wrap elementor-element-populated\">\n\t\t\t\t\t\t<div class=\"elementor-element elementor-element-d80ea73 elementor-align-right elementor-hidden-mobile elementor-tablet-align-right elementor-widget elementor-widget-button\" data-id=\"d80ea73\" data-element_type=\"widget\" data-e-type=\"widget\" data-widget_type=\"button.default\">\n\t\t\t\t<div class=\"elementor-widget-container\">\n\t\t\t\t\t\t\t\t\t<div class=\"elementor-button-wrapper\">\n\t\t\t\t\t<a class=\"elementor-button elementor-button-link elementor-size-md\" href=\"http:\/\/www.waegeli.ch\/kontakt\/\">\n\t\t\t\t\t\t<span class=\"elementor-button-content-wrapper\">\n\t\t\t\t\t\t\t\t\t<span class=\"elementor-button-text\">Kontakt<\/span>\n\t\t\t\t\t<\/span>\n\t\t\t\t\t<\/a>\n\t\t\t\t<\/div>\n\t\t\t\t\t\t\t\t<\/div>\n\t\t\t\t<\/div>\n\t\t\t\t<div class=\"elementor-element elementor-element-73ad799 elementor-widget elementor-widget-image\" data-id=\"73ad799\" data-element_type=\"widget\" data-e-type=\"widget\" data-widget_type=\"image.default\">\n\t\t\t\t<div class=\"elementor-widget-container\">\n\t\t\t\t\t\t\t\t\t\t\t\t\t\t\t<img decoding=\"async\" width=\"224\" height=\"78\" src=\"https:\/\/www.waegeli.ch\/wp-content\/uploads\/2022\/10\/samina-bettsystem-logo.png\" class=\"attachment-large size-large wp-image-400\" alt=\"Logo Samina Bettsystem\" \/>\t\t\t\t\t\t\t\t\t\t\t\t\t\t\t<\/div>\n\t\t\t\t<\/div>\n\t\t\t\t\t<\/div>\n\t\t<\/div>\n\t\t\t\t\t<\/div>\n\t\t<\/section>\n\t\t\t\t\t<\/div>\n\t\t<\/div>\n\t\t\t\t\t<\/div>\n\t\t<\/section>\n\t\t\t\t\t<\/div>\n\t\t<\/div>\n\t\t\t\t\t<\/div>\n\t\t<\/section>\n\t\t\t\t<section class=\"elementor-section elementor-top-section elementor-element elementor-element-2f412fb elementor-section-boxed elementor-section-height-default elementor-section-height-default\" data-id=\"2f412fb\" data-element_type=\"section\" data-e-type=\"section\">\n\t\t\t\t\t\t<div class=\"elementor-container elementor-column-gap-default\">\n\t\t\t\t\t<div class=\"elementor-column elementor-col-100 elementor-top-column elementor-element elementor-element-bb5dead\" data-id=\"bb5dead\" data-element_type=\"column\" data-e-type=\"column\">\n\t\t\t<div class=\"elementor-widget-wrap elementor-element-populated\">\n\t\t\t\t\t\t<div class=\"elementor-element elementor-element-d8eb4ce elementor-widget-divider--view-line elementor-widget elementor-widget-divider\" data-id=\"d8eb4ce\" data-element_type=\"widget\" data-e-type=\"widget\" data-widget_type=\"divider.default\">\n\t\t\t\t<div class=\"elementor-widget-container\">\n\t\t\t\t\t\t\t<div class=\"elementor-divider\">\n\t\t\t<span class=\"elementor-divider-separator\">\n\t\t\t\t\t\t<\/span>\n\t\t<\/div>\n\t\t\t\t\t\t<\/div>\n\t\t\t\t<\/div>\n\t\t\t\t<div class=\"elementor-element elementor-element-d5ed573 elementor-arrows-position-inside elementor-widget elementor-widget-image-carousel\" data-id=\"d5ed573\" data-element_type=\"widget\" data-e-type=\"widget\" data-settings=\"{&quot;slides_to_show&quot;:&quot;3&quot;,&quot;navigation&quot;:&quot;arrows&quot;,&quot;image_spacing_custom&quot;:{&quot;unit&quot;:&quot;px&quot;,&quot;size&quot;:24,&quot;sizes&quot;:[]},&quot;autoplay&quot;:&quot;yes&quot;,&quot;pause_on_hover&quot;:&quot;yes&quot;,&quot;pause_on_interaction&quot;:&quot;yes&quot;,&quot;autoplay_speed&quot;:5000,&quot;infinite&quot;:&quot;yes&quot;,&quot;speed&quot;:500,&quot;image_spacing_custom_tablet&quot;:{&quot;unit&quot;:&quot;px&quot;,&quot;size&quot;:&quot;&quot;,&quot;sizes&quot;:[]},&quot;image_spacing_custom_mobile&quot;:{&quot;unit&quot;:&quot;px&quot;,&quot;size&quot;:&quot;&quot;,&quot;sizes&quot;:[]}}\" data-widget_type=\"image-carousel.default\">\n\t\t\t\t<div class=\"elementor-widget-container\">\n\t\t\t\t\t\t\t<div class=\"elementor-image-carousel-wrapper swiper\" role=\"region\" aria-roledescription=\"carousel\" aria-label=\"Bild Karussell\" dir=\"ltr\">\n\t\t\t<div class=\"elementor-image-carousel swiper-wrapper swiper-image-stretch\" aria-live=\"off\">\n\t\t\t\t\t\t\t\t<div class=\"swiper-slide\" role=\"group\" aria-roledescription=\"slide\" aria-label=\"1 von 5\"><figure class=\"swiper-slide-inner\"><img decoding=\"async\" class=\"swiper-slide-image\" src=\"https:\/\/www.waegeli.ch\/wp-content\/uploads\/elementor\/thumbs\/samina-bettsystem-e1530428539942-q39m1fkc7mkvxgy379ty15hp7euzhne1yeq3xgxsug.jpg\" alt=\"Samina Bettsystem\" \/><\/figure><\/div><div class=\"swiper-slide\" role=\"group\" aria-roledescription=\"slide\" aria-label=\"2 von 5\"><figure class=\"swiper-slide-inner\"><img decoding=\"async\" class=\"swiper-slide-image\" src=\"https:\/\/www.waegeli.ch\/wp-content\/uploads\/elementor\/thumbs\/samina_web-q39m788icuijiwizcs14eou12yagygegr3jwgwceh4.jpg\" alt=\"Kissen Samina\" \/><\/figure><\/div><div class=\"swiper-slide\" role=\"group\" aria-roledescription=\"slide\" aria-label=\"3 von 5\"><figure class=\"swiper-slide-inner\"><img decoding=\"async\" class=\"swiper-slide-image\" src=\"https:\/\/www.waegeli.ch\/wp-content\/uploads\/elementor\/thumbs\/samina-giulia-steingruber-q39m6t73bhxyd54tslj3asmnkscljaqrd144sgyp8o.jpg\" alt=\"Samina Giulia Steingruber\" \/><\/figure><\/div><div class=\"swiper-slide\" role=\"group\" aria-roledescription=\"slide\" aria-label=\"4 von 5\"><figure class=\"swiper-slide-inner\"><img decoding=\"async\" class=\"swiper-slide-image\" src=\"https:\/\/www.waegeli.ch\/wp-content\/uploads\/elementor\/thumbs\/170311_Weissengruber_Samina_Steingruber_102-q39m74h5lide8gofyqem4ps6pet03nzjekxyjshz60.jpg\" alt=\"Samina Giulia Steingruber\" \/><\/figure><\/div><div class=\"swiper-slide\" role=\"group\" aria-roledescription=\"slide\" aria-label=\"5 von 5\"><figure class=\"swiper-slide-inner\"><img decoding=\"async\" class=\"swiper-slide-image\" src=\"https:\/\/www.waegeli.ch\/wp-content\/uploads\/elementor\/thumbs\/170311_Weissengruber_Samina_Steingruber_131-q39m74h5lide8gofyqem4ps6pet03nzjekxyjshz60.jpg\" alt=\"Samina Giulia Steingruber\" \/><\/figure><\/div>\t\t\t<\/div>\n\t\t\t\t\t\t\t\t\t\t\t\t<div class=\"elementor-swiper-button elementor-swiper-button-prev\" role=\"button\" tabindex=\"0\">\n\t\t\t\t\t\t<i aria-hidden=\"true\" class=\"fas fa-chevron-left\"><\/i>\t\t\t\t\t<\/div>\n\t\t\t\t\t<div class=\"elementor-swiper-button elementor-swiper-button-next\" role=\"button\" tabindex=\"0\">\n\t\t\t\t\t\t<i aria-hidden=\"true\" class=\"fas fa-chevron-right\"><\/i>\t\t\t\t\t<\/div>\n\t\t\t\t\n\t\t\t\t\t\t\t\t\t<\/div>\n\t\t\t\t\t\t<\/div>\n\t\t\t\t<\/div>\n\t\t\t\t\t<\/div>\n\t\t<\/div>\n\t\t\t\t\t<\/div>\n\t\t<\/section>\n\t\t\t\t<\/div>\n\t\t","protected":false},"excerpt":{"rendered":"<p>Samina-Bettsystem Gesund schlafen mit Samina-Bettsystem Kontakt Gesunder Schlaf ist der einfachste Weg zu mehr Gesundheit, Elan, Vitalit\u00e4t, Lebensenergie und Erfolg. Schlafforschung, die Anforderungen von \u00c4rzten und die Lehre der Wohnbiologie bilden die Basis von SAMINA. Das ganzheitliche Schlafsystem nutzt die regenerativen Energien nat\u00fcrlicher Materialien wie Holz, Schafschurwolle, Naturkautschuk und Baumwolle. Verbunden mit Bettgestellen Ihrer Wahl [&hellip;]<\/p>\n","protected":false},"author":2,"featured_media":399,"parent":40,"menu_order":9,"comment_status":"closed","ping_status":"closed","template":"","meta":{"_acf_changed":false,"footnotes":""},"class_list":["post-301","page","type-page","status-publish","has-post-thumbnail","hentry"],"acf":[],"yoast_head":"<!-- This site is optimized with the Yoast SEO plugin v26.9 - https:\/\/yoast.com\/product\/yoast-seo-wordpress\/ -->\n<title>Samina-Bettsystem - Schreinerei Otto W\u00e4geli AG<\/title>\n<meta name=\"description\" content=\"Gesund schlafen mit Samina-Bettsystem. Gesunder Schlaf ist der einfachste Weg zu mehr Gesundheit, Elan, Vitalit\u00e4t, Lebensenergie und Erfolg.\" \/>\n<meta name=\"robots\" content=\"index, follow, max-snippet:-1, max-image-preview:large, max-video-preview:-1\" \/>\n<link rel=\"canonical\" href=\"https:\/\/www.waegeli.ch\/de\/angebot\/samina-bettsystem\/\" \/>\n<meta property=\"og:locale\" content=\"de_DE\" \/>\n<meta property=\"og:type\" content=\"article\" \/>\n<meta property=\"og:title\" content=\"Samina-Bettsystem - Schreinerei Otto W\u00e4geli AG\" \/>\n<meta property=\"og:description\" content=\"Gesund schlafen mit Samina-Bettsystem. Gesunder Schlaf ist der einfachste Weg zu mehr Gesundheit, Elan, Vitalit\u00e4t, Lebensenergie und Erfolg.\" \/>\n<meta property=\"og:url\" content=\"https:\/\/www.waegeli.ch\/de\/angebot\/samina-bettsystem\/\" \/>\n<meta property=\"og:site_name\" content=\"Schreinerei Otto W\u00e4geli AG\" \/>\n<meta property=\"article:modified_time\" content=\"2022-11-24T10:02:44+00:00\" \/>\n<meta property=\"og:image\" content=\"https:\/\/www.waegeli.ch\/wp-content\/uploads\/2022\/10\/samina-bettsystem-e1530428539942.jpg\" \/>\n\t<meta property=\"og:image:width\" content=\"1920\" \/>\n\t<meta property=\"og:image:height\" content=\"1272\" \/>\n\t<meta property=\"og:image:type\" content=\"image\/jpeg\" \/>\n<meta name=\"twitter:card\" content=\"summary_large_image\" \/>\n<meta name=\"twitter:label1\" content=\"Gesch\u00e4tzte Lesezeit\" \/>\n\t<meta name=\"twitter:data1\" content=\"2\u00a0Minuten\" \/>\n<script type=\"application\/ld+json\" class=\"yoast-schema-graph\">{\"@context\":\"https:\/\/schema.org\",\"@graph\":[{\"@type\":\"WebPage\",\"@id\":\"https:\/\/www.waegeli.ch\/de\/angebot\/samina-bettsystem\/\",\"url\":\"https:\/\/www.waegeli.ch\/de\/angebot\/samina-bettsystem\/\",\"name\":\"Samina-Bettsystem - Schreinerei Otto W\u00e4geli AG\",\"isPartOf\":{\"@id\":\"https:\/\/www.waegeli.ch\/de\/#website\"},\"primaryImageOfPage\":{\"@id\":\"https:\/\/www.waegeli.ch\/de\/angebot\/samina-bettsystem\/#primaryimage\"},\"image\":{\"@id\":\"https:\/\/www.waegeli.ch\/de\/angebot\/samina-bettsystem\/#primaryimage\"},\"thumbnailUrl\":\"https:\/\/www.waegeli.ch\/wp-content\/uploads\/2022\/10\/samina-bettsystem-e1530428539942.jpg\",\"datePublished\":\"2022-10-27T08:17:15+00:00\",\"dateModified\":\"2022-11-24T10:02:44+00:00\",\"description\":\"Gesund schlafen mit Samina-Bettsystem. Gesunder Schlaf ist der einfachste Weg zu mehr Gesundheit, Elan, Vitalit\u00e4t, Lebensenergie und Erfolg.\",\"breadcrumb\":{\"@id\":\"https:\/\/www.waegeli.ch\/de\/angebot\/samina-bettsystem\/#breadcrumb\"},\"inLanguage\":\"de\",\"potentialAction\":[{\"@type\":\"ReadAction\",\"target\":[\"https:\/\/www.waegeli.ch\/de\/angebot\/samina-bettsystem\/\"]}]},{\"@type\":\"ImageObject\",\"inLanguage\":\"de\",\"@id\":\"https:\/\/www.waegeli.ch\/de\/angebot\/samina-bettsystem\/#primaryimage\",\"url\":\"https:\/\/www.waegeli.ch\/wp-content\/uploads\/2022\/10\/samina-bettsystem-e1530428539942.jpg\",\"contentUrl\":\"https:\/\/www.waegeli.ch\/wp-content\/uploads\/2022\/10\/samina-bettsystem-e1530428539942.jpg\",\"width\":1920,\"height\":1272,\"caption\":\"Samina Bettsystem Ausstellungsraum\"},{\"@type\":\"BreadcrumbList\",\"@id\":\"https:\/\/www.waegeli.ch\/de\/angebot\/samina-bettsystem\/#breadcrumb\",\"itemListElement\":[{\"@type\":\"ListItem\",\"position\":1,\"name\":\"Startseite\",\"item\":\"https:\/\/www.waegeli.ch\/de\/\"},{\"@type\":\"ListItem\",\"position\":2,\"name\":\"Angebot\",\"item\":\"https:\/\/www.waegeli.ch\/de\/angebot\/\"},{\"@type\":\"ListItem\",\"position\":3,\"name\":\"Samina-Bettsystem\"}]},{\"@type\":\"WebSite\",\"@id\":\"https:\/\/www.waegeli.ch\/de\/#website\",\"url\":\"https:\/\/www.waegeli.ch\/de\/\",\"name\":\"Schreinerei Otto W\u00e4geli AG\",\"description\":\"Holz ist das ganze Leben\",\"publisher\":{\"@id\":\"https:\/\/www.waegeli.ch\/de\/#organization\"},\"potentialAction\":[{\"@type\":\"SearchAction\",\"target\":{\"@type\":\"EntryPoint\",\"urlTemplate\":\"https:\/\/www.waegeli.ch\/de\/?s={search_term_string}\"},\"query-input\":{\"@type\":\"PropertyValueSpecification\",\"valueRequired\":true,\"valueName\":\"search_term_string\"}}],\"inLanguage\":\"de\"},{\"@type\":\"Organization\",\"@id\":\"https:\/\/www.waegeli.ch\/de\/#organization\",\"name\":\"Schreinerei Otto W\u00e4geli AG\",\"url\":\"https:\/\/www.waegeli.ch\/de\/\",\"logo\":{\"@type\":\"ImageObject\",\"inLanguage\":\"de\",\"@id\":\"https:\/\/www.waegeli.ch\/de\/#\/schema\/logo\/image\/\",\"url\":\"https:\/\/www.waegeli.ch\/wp-content\/uploads\/2022\/10\/OttoWaegeli.png\",\"contentUrl\":\"https:\/\/www.waegeli.ch\/wp-content\/uploads\/2022\/10\/OttoWaegeli.png\",\"width\":233,\"height\":70,\"caption\":\"Schreinerei Otto W\u00e4geli AG\"},\"image\":{\"@id\":\"https:\/\/www.waegeli.ch\/de\/#\/schema\/logo\/image\/\"}}]}<\/script>\n<!-- \/ Yoast SEO plugin. -->","yoast_head_json":{"title":"Samina-Bettsystem - Schreinerei Otto W\u00e4geli AG","description":"Gesund schlafen mit Samina-Bettsystem. Gesunder Schlaf ist der einfachste Weg zu mehr Gesundheit, Elan, Vitalit\u00e4t, Lebensenergie und Erfolg.","robots":{"index":"index","follow":"follow","max-snippet":"max-snippet:-1","max-image-preview":"max-image-preview:large","max-video-preview":"max-video-preview:-1"},"canonical":"https:\/\/www.waegeli.ch\/de\/angebot\/samina-bettsystem\/","og_locale":"de_DE","og_type":"article","og_title":"Samina-Bettsystem - Schreinerei Otto W\u00e4geli AG","og_description":"Gesund schlafen mit Samina-Bettsystem. Gesunder Schlaf ist der einfachste Weg zu mehr Gesundheit, Elan, Vitalit\u00e4t, Lebensenergie und Erfolg.","og_url":"https:\/\/www.waegeli.ch\/de\/angebot\/samina-bettsystem\/","og_site_name":"Schreinerei Otto W\u00e4geli AG","article_modified_time":"2022-11-24T10:02:44+00:00","og_image":[{"width":1920,"height":1272,"url":"https:\/\/www.waegeli.ch\/wp-content\/uploads\/2022\/10\/samina-bettsystem-e1530428539942.jpg","type":"image\/jpeg"}],"twitter_card":"summary_large_image","twitter_misc":{"Gesch\u00e4tzte Lesezeit":"2\u00a0Minuten"},"schema":{"@context":"https:\/\/schema.org","@graph":[{"@type":"WebPage","@id":"https:\/\/www.waegeli.ch\/de\/angebot\/samina-bettsystem\/","url":"https:\/\/www.waegeli.ch\/de\/angebot\/samina-bettsystem\/","name":"Samina-Bettsystem - Schreinerei Otto W\u00e4geli AG","isPartOf":{"@id":"https:\/\/www.waegeli.ch\/de\/#website"},"primaryImageOfPage":{"@id":"https:\/\/www.waegeli.ch\/de\/angebot\/samina-bettsystem\/#primaryimage"},"image":{"@id":"https:\/\/www.waegeli.ch\/de\/angebot\/samina-bettsystem\/#primaryimage"},"thumbnailUrl":"https:\/\/www.waegeli.ch\/wp-content\/uploads\/2022\/10\/samina-bettsystem-e1530428539942.jpg","datePublished":"2022-10-27T08:17:15+00:00","dateModified":"2022-11-24T10:02:44+00:00","description":"Gesund schlafen mit Samina-Bettsystem. Gesunder Schlaf ist der einfachste Weg zu mehr Gesundheit, Elan, Vitalit\u00e4t, Lebensenergie und Erfolg.","breadcrumb":{"@id":"https:\/\/www.waegeli.ch\/de\/angebot\/samina-bettsystem\/#breadcrumb"},"inLanguage":"de","potentialAction":[{"@type":"ReadAction","target":["https:\/\/www.waegeli.ch\/de\/angebot\/samina-bettsystem\/"]}]},{"@type":"ImageObject","inLanguage":"de","@id":"https:\/\/www.waegeli.ch\/de\/angebot\/samina-bettsystem\/#primaryimage","url":"https:\/\/www.waegeli.ch\/wp-content\/uploads\/2022\/10\/samina-bettsystem-e1530428539942.jpg","contentUrl":"https:\/\/www.waegeli.ch\/wp-content\/uploads\/2022\/10\/samina-bettsystem-e1530428539942.jpg","width":1920,"height":1272,"caption":"Samina Bettsystem Ausstellungsraum"},{"@type":"BreadcrumbList","@id":"https:\/\/www.waegeli.ch\/de\/angebot\/samina-bettsystem\/#breadcrumb","itemListElement":[{"@type":"ListItem","position":1,"name":"Startseite","item":"https:\/\/www.waegeli.ch\/de\/"},{"@type":"ListItem","position":2,"name":"Angebot","item":"https:\/\/www.waegeli.ch\/de\/angebot\/"},{"@type":"ListItem","position":3,"name":"Samina-Bettsystem"}]},{"@type":"WebSite","@id":"https:\/\/www.waegeli.ch\/de\/#website","url":"https:\/\/www.waegeli.ch\/de\/","name":"Schreinerei Otto W\u00e4geli AG","description":"Holz ist das ganze Leben","publisher":{"@id":"https:\/\/www.waegeli.ch\/de\/#organization"},"potentialAction":[{"@type":"SearchAction","target":{"@type":"EntryPoint","urlTemplate":"https:\/\/www.waegeli.ch\/de\/?s={search_term_string}"},"query-input":{"@type":"PropertyValueSpecification","valueRequired":true,"valueName":"search_term_string"}}],"inLanguage":"de"},{"@type":"Organization","@id":"https:\/\/www.waegeli.ch\/de\/#organization","name":"Schreinerei Otto W\u00e4geli AG","url":"https:\/\/www.waegeli.ch\/de\/","logo":{"@type":"ImageObject","inLanguage":"de","@id":"https:\/\/www.waegeli.ch\/de\/#\/schema\/logo\/image\/","url":"https:\/\/www.waegeli.ch\/wp-content\/uploads\/2022\/10\/OttoWaegeli.png","contentUrl":"https:\/\/www.waegeli.ch\/wp-content\/uploads\/2022\/10\/OttoWaegeli.png","width":233,"height":70,"caption":"Schreinerei Otto W\u00e4geli AG"},"image":{"@id":"https:\/\/www.waegeli.ch\/de\/#\/schema\/logo\/image\/"}}]}},"_links":{"self":[{"href":"https:\/\/www.waegeli.ch\/de\/wp-json\/wp\/v2\/pages\/301","targetHints":{"allow":["GET"]}}],"collection":[{"href":"https:\/\/www.waegeli.ch\/de\/wp-json\/wp\/v2\/pages"}],"about":[{"href":"https:\/\/www.waegeli.ch\/de\/wp-json\/wp\/v2\/types\/page"}],"author":[{"embeddable":true,"href":"https:\/\/www.waegeli.ch\/de\/wp-json\/wp\/v2\/users\/2"}],"replies":[{"embeddable":true,"href":"https:\/\/www.waegeli.ch\/de\/wp-json\/wp\/v2\/comments?post=301"}],"version-history":[{"count":0,"href":"https:\/\/www.waegeli.ch\/de\/wp-json\/wp\/v2\/pages\/301\/revisions"}],"up":[{"embeddable":true,"href":"https:\/\/www.waegeli.ch\/de\/wp-json\/wp\/v2\/pages\/40"}],"wp:featuredmedia":[{"embeddable":true,"href":"https:\/\/www.waegeli.ch\/de\/wp-json\/wp\/v2\/media\/399"}],"wp:attachment":[{"href":"https:\/\/www.waegeli.ch\/de\/wp-json\/wp\/v2\/media?parent=301"}],"curies":[{"name":"wp","href":"https:\/\/api.w.org\/{rel}","templated":true}]}}