{"id":7626,"date":"2024-04-03T10:37:50","date_gmt":"2024-04-03T08:37:50","guid":{"rendered":"https:\/\/www.waegeli.ch\/?page_id=7626"},"modified":"2024-04-03T11:19:23","modified_gmt":"2024-04-03T09:19:23","slug":"agb","status":"publish","type":"page","link":"https:\/\/www.waegeli.ch\/de\/agb\/","title":{"rendered":"Allgemeine Gesch\u00e4ftsbedingungen AGB"},"content":{"rendered":"\t\t<div data-elementor-type=\"wp-page\" data-elementor-id=\"7626\" class=\"elementor elementor-7626\" data-elementor-post-type=\"page\">\n\t\t\t\t\t\t<section class=\"elementor-section elementor-top-section elementor-element elementor-element-530e62bb elementor-section-boxed elementor-section-height-default elementor-section-height-default\" data-id=\"530e62bb\" data-element_type=\"section\" data-e-type=\"section\">\n\t\t\t\t\t\t<div class=\"elementor-container elementor-column-gap-default\">\n\t\t\t\t\t<div class=\"elementor-column elementor-col-100 elementor-top-column elementor-element elementor-element-d72930b\" data-id=\"d72930b\" data-element_type=\"column\" data-e-type=\"column\">\n\t\t\t<div class=\"elementor-widget-wrap elementor-element-populated\">\n\t\t\t\t\t\t<div class=\"elementor-element elementor-element-7083422 elementor-widget elementor-widget-spacer\" data-id=\"7083422\" data-element_type=\"widget\" data-e-type=\"widget\" data-widget_type=\"spacer.default\">\n\t\t\t\t<div class=\"elementor-widget-container\">\n\t\t\t\t\t\t\t<div class=\"elementor-spacer\">\n\t\t\t<div class=\"elementor-spacer-inner\"><\/div>\n\t\t<\/div>\n\t\t\t\t\t\t<\/div>\n\t\t\t\t<\/div>\n\t\t\t\t<div class=\"elementor-element elementor-element-20eeb5b elementor-widget elementor-widget-heading\" data-id=\"20eeb5b\" data-element_type=\"widget\" data-e-type=\"widget\" data-widget_type=\"heading.default\">\n\t\t\t\t<div class=\"elementor-widget-container\">\n\t\t\t\t\t<h1 class=\"elementor-heading-title elementor-size-default\">Allgemeine Gesch\u00e4ftsbedingungen AGB<\/h1>\t\t\t\t<\/div>\n\t\t\t\t<\/div>\n\t\t\t\t<div class=\"elementor-element elementor-element-734751df elementor-widget elementor-widget-text-editor\" data-id=\"734751df\" data-element_type=\"widget\" data-e-type=\"widget\" data-widget_type=\"text-editor.default\">\n\t\t\t\t<div class=\"elementor-widget-container\">\n\t\t\t\t\t\t\t\t\t<h5><strong>1. Organisatorische Regelungen<\/strong><\/h5>\n<p><strong>1.1. Geltungsbereich<\/strong><br \/>Diese AGB regeln die vertragliche Beziehung zwischen der Otto W\u00e4geli AG und dem Besteller im Zusammenhang mit dem Abschluss eines Werkvertrags. Alle Leistungen des Unternehmers erfolgen ausschliesslich auf der Grundlage einer individuellen Vereinbarung und diesen AGB&#8217;s. Die Vereinbarungen individueller Werkvertr\u00e4ge, Angebote und Leistungsbeschreibungen zwischen dem Unternehmer und dem Besteller stehen hierarchisch vor diesen AGB. Die AGB gelten als grunds\u00e4tzliche Regelungen, sofern nichts anderes vereinbart wurde. Allf\u00e4llige abweichende Gesch\u00e4ftsbedingungen des Bestellers werden nicht Vertragsbestandteil.<\/p>\n<p><strong>1.2. Grundlagen, Geltungsbereich<\/strong><br \/>Grunds\u00e4tzlich gilt f\u00fcr den Werkvertrag:<\/p>\n<ul>\n<li style=\"list-style-type: none;\">\n<ul>\n<li>\u00a0Schweizerisches Obligationenrecht \u00abWerkvertrag\u00bb<br \/><br \/><\/li>\n<\/ul>\n<\/li>\n<\/ul>\n<h5><strong>2. Projektierung<\/strong><\/h5>\n<p><strong>2.1. Entwurfsplanung, Projektierungsplanung<\/strong><br \/>Die Kosten f\u00fcr Entwurfs- und Planungsarbeiten sind nicht Bestanteil der Einheitspreise (vgl. Art. 5) und werden separat ausgewiesen.<\/p>\n<p><strong>2.2. Urheberrechte<\/strong><br \/>Die Angebote, Zeichnungen und Muster sowie die Ausf\u00fchrungsbeschriebe des schriftlichen Angebotes des Unternehmers bleiben dessen Eigentum sofern nicht anderweitig vereinbart. Wird dem offerierenden Unternehmer der Auftrag nicht erteilt, sind alle Unterlagen zur\u00fcckzugeben.<\/p>\n<p><strong>2.3. Projektstudien \/ Designstudien<\/strong><br \/>Vom Unternehmer auszuarbeitende Projekt- und Designstudien sind dem Unternehmer gesondert zu honorieren, sofern nicht anderweitig vereinbart.<\/p>\n<p><strong>2.4. Fachplanung (Detailplanung)<\/strong><br \/>Wird die Fachplanung und Ausschreibung durch einen Planer (Architekt, Innenarchitekt, Innenausbauplaner oder sonstige) erstellt, besteht keine Pflicht der \u00dcberpr\u00fcfung durch den Unternehmer. Die Otto W\u00e4geli AG \u00fcbernimmt keine Haftung f\u00fcr fehlerhafte Fachplanung.<br \/><br \/><\/p>\n<h5><strong>3. Angebot<\/strong><\/h5>\n<p><strong>3.1. G\u00fcltigkeit Angebot<\/strong><br \/>Die G\u00fcltigkeit f\u00fcr Offerten des Unternehmers betr\u00e4gt 30 Tage, sofern keine andere Frist ausdr\u00fccklich festgelegt ist.<\/p>\n<p><strong>3.2. Teuerung<\/strong><br \/>Ein Teuerungsausgleich nach dem Produzentenpreisindex, BfS \/ Gleitpreisformel nach KBOB wird grunds\u00e4tzlich vereinbart.<br \/><br \/><\/p>\n<h5><strong>4. Werkvertrag, Bestellung<\/strong><\/h5>\n<p><strong>4.1. Bestellungs\u00e4nderung<\/strong><br \/>Erfordert eine Bestellungs\u00e4nderung, die Anpassung einer vertraglichen Frist, so hat die Otto W\u00e4geli AG Anspruch auf eine angemessene Erstreckung der Frist. Es sind die Einheitspreise neu festzulegen und zu vereinbaren.<\/p>\n<p><strong>4.2. Regiearbeiten<\/strong><br \/>Regiearbeiten sind Arbeiten die nicht im Angebotspreis (Einheitspreise) enthalten sind. F\u00fcr die Regiearbeiten gelten die Regieans\u00e4tze der Otto W\u00e4geli AG in CHF\/Stunde, sofern nicht anderweitig vereinbart. Die Reisezeit wird als normale Arbeitszeit betrachtet. Regiearbeiten werden monatlich netto abgerechnet. Regiearbeiten d\u00fcrfen ohne ausdr\u00fccklichen Gegenbericht des Bauherrn ausgef\u00fchrt werden, sind zu rapportieren und vom Auftraggeber w\u00f6chentlich zu unterschreiben.<\/p>\n<p><strong>4.3. R\u00fcckbehalt<\/strong><br \/>Ger\u00e4t der Besteller in Zahlungsverzug, ist der Unternehmer berechtigt, seine Leistungen so lange zur\u00fcckzuhalten, bis die Zahlung sichergestellt wird.<\/p>\n<p><strong>4.4. R\u00fccktritt<\/strong><br \/>Wird die Otto W\u00e4geli AG innerhalb einer angemessenen Frist auf ihre Begehren (z.B. Zahlungen, Forderungen, Planungsunterlagen, etc.) nicht sichergestellt, so kann sie vom Vertrag zur\u00fccktreten.<br \/><br \/><\/p>\n<h5><strong>5. Preis-, Ausmass-, &amp; Zahlungskonditionen<\/strong><\/h5>\n<p><strong>5.1. Einheitspreis<\/strong><br \/>Die Einheitspreise basieren auf den offerierten St\u00fcckzahlen pro Position. Werden die Gesamtmengen um mehr als 20% ver\u00e4ndert, sind die Einheitspreise neu zu vereinbaren. Die werkvertraglichen Leistungen sind auf den Positionen exklusive MwSt. ausgewiesen.<\/p>\n<p><strong>5.2. Kostendach<\/strong><br \/>Das Kostendach definiert den Betrag der ohne Freigabe des Werkvertragspartners\/Besteller nicht \u00fcberschritten werden darf. Mit dem Kostendach werden die zu erbringenden Leistungen vereinbart. Der Stand der Kosten ist dem Kunden regelm\u00e4ssig mitzuteilen. Abgerechnet wird nach Aufwand mit den vereinbarten Ans\u00e4tzen f\u00fcr Arbeit und Material.<\/p>\n<p><strong>5.3. Zahlungskonditionen<\/strong><br \/>Grunds\u00e4tzlich sind folgende Teilzahlungen f\u00e4llig:<\/p>\n<ul>\n<li>30 % bei Vertragsabschluss<\/li>\n<li>30 % bei Montagebereitschaft<\/li>\n<li>30 % nach Fertigstellung der Arbeit\/Montage<\/li>\n<li>10 % nach Abnahme des Werkes (Schlussrechnungsstellung, Restbetrag)<br \/><br \/><\/li>\n<\/ul>\n<p><strong>5.4. Zahlungspflicht<\/strong><br \/>Die Berufung auf unwesentliche M\u00e4ngel entbindet nicht von der Pflicht zur Einhaltung der Zahlungsfristen.<\/p>\n<p><strong>5.5. Verzugszins<\/strong><br \/>F\u00fcr nicht vertragsgem\u00e4ss geleistete Zahlungen wird ein Verzugszins von 9 % auf die zur Zahlung f\u00e4lligen Summe verrechnet.<br \/><br \/><\/p>\n<h5><strong>6. Ausf\u00fchrung, Produktion, Montage<\/strong><\/h5>\n<p>Leistungsumfang (Verg\u00fctungsregeln), Anlehnung Norm SIA 241 &#8211; 118\/241 Schreinerarbeiten, SIA 343 &#8211; 118\/343 T\u00fcren\/Tore<\/p>\n<p><strong>6.1. Inbegriffene Leistungen<\/strong><\/p>\n<ul>\n<li>Massaufnahmen auf dem Bau (soweit m\u00f6glich)<\/li>\n<li>Einmaliger Einbau und Einregulierung.<\/li>\n<li>Grundierungen nach SIA 241 Schreinerarbeiten, SIA 343\/1 T\u00fcren<br \/><br \/><\/li>\n<\/ul>\n<p><strong>6.2. Nicht inbegriffene Leistungen<\/strong><\/p>\n<ul>\n<li>Abkl\u00e4rungen und Gesuche f\u00fcr bewilligungspflichtige Ausf\u00fchrungen<\/li>\n<li>Zus\u00e4tzlich gew\u00fcnschte grafische Visualisierung, Modelle, Farbmuster &#8211; Schutz gegen Besch\u00e4digung nach Einbau<\/li>\n<li>auf Wunsch des Bestellers geleistete \u00dcberzeit, Nacht- und Sonntagsarbeiten (wenn die vereinbarten Termine auch ohne diese eingehalten w\u00fcrden)<\/li>\n<li>zus\u00e4tzliche Kosten infolge erschwerender Umst\u00e4nde, die bei der Offert Stellung nicht bekannt waren oder erkannt werden konnten<\/li>\n<li>Anpassungsarbeiten infolge Fehler in den Pl\u00e4nen, Vorgewerken oder \u00fcberschrittener Rohbaumasstoleranzen. &#8211; Service- und Wartungsleistungen<\/li>\n<li>Zus\u00e4tzliche Arbeitsg\u00e4nge wie z.B. aus- und einh\u00e4ngen oder einregulieren wegen nachfolgenden Bearbeitungen z.B. Malerarbeiten sind kostenpflichtig.<br \/><br \/><\/li>\n<\/ul>\n<p><strong>6.3. Ausf\u00fchrungstermine<\/strong><br \/>Die Pflicht der Otto W\u00e4geli AG zur Einhaltung der vereinbarten Ausf\u00fchrungstermine setzt einen rechtzeitigen Eingang der technischen Detailangaben voraus. Ist der Besteller in Verzug, so hat der Unternehmer Anspruch auf eine angemessene Erstreckung der betreffenden Frist. Die entsprechende Meldung unterliegt der Schriftlichkeit.<\/p>\n<p><strong>6.4. Organisation der Baustelle<\/strong><br \/>Der Auftraggeber stellt die Organisation auf der Bau- und Montagegestelle sicher. Ausserdem sind zweckm\u00e4ssige sanit\u00e4re Einrichtungen sicherzustellen.<\/p>\n<p><strong>6.5. Einbau und Baumontage<\/strong><br \/>Mit dem Einbau von Produkten aus Holz und Holzwerkstoffen darf erst begonnen werden, wenn die klimatischen Verh\u00e4ltnisse am Einbauort sichergestellt sind. Die relative Luftfeuchtigkeit von 30% bis 70% darf nicht unter- bez. \u00fcberschritten werden (SIA180).<\/p>\n<p><strong>6.6. Bauseitigen Verz\u00f6gerungen<\/strong><br \/>Die Folgen aus bauseitigen Verz\u00f6gerungen gehen zu Lasten des Bestellers. Entstehende Lagerkosten sind durch den Besteller zu tragen. Die entsprechende Meldung unterliegt der Schriftlichkeit.<\/p>\n<p><strong>6.7. H\u00f6here Macht<\/strong><br \/>Im Falle eines gesundheitlichen oder politischen Notstandes oder Verz\u00f6gerung der Lieferkette, f\u00fcr die der Unternehmer nicht verantwortlich gemacht werden kann, und zur Verz\u00f6gerung der Fertigstellung f\u00fchren kann der Unternehmer nicht haftbar gemacht werden. Eine Entsch\u00e4digungspflicht entf\u00e4llt.<\/p>\n<p><strong>6.8. Unvorhergesehene Einfl\u00fcsse<\/strong><br \/>Der Unternehmer hat in besonderen F\u00e4llen Anspruch auf Erstreckung der vertraglichen Fristen, wenn ihn am Verzug kein Verschulden trifft und er die erforderlichen und zumutbaren zus\u00e4tzlichen Vorkehrungen getroffen hat.<\/p>\n<p><strong>6.9. Naturprodukte<\/strong><br \/>Naturprodukte verf\u00fcgen \u00fcber unterschiedliche Eigenschaften und Merkmale, diese naturbedingten Differenzen (Struktur \/ Farbe) sind zu erwarten und k\u00f6nnen nicht ausgeschlossen werden. Besonders zu erw\u00e4hnen sind folgende Materialien.<\/p>\n<ul>\n<li>Massivholz,<\/li>\n<li>Furnier, furnierte Werkst\u00fccke<\/li>\n<li>Naturstein<br \/><br \/><\/li>\n<\/ul>\n<p><strong>6.10. Materialwahl, Bemusterung<\/strong><br \/>Pr\u00e4zisierungen und Eingrenzungen sind individuell zwischen den Werkvertragspartnern zu definieren. Vereinbarte Muster sind gegenzuzeichnen und einzulagern.<\/p>\n<p><strong>6.11. Gesamterscheinung der Fronten<\/strong><br \/>Es ist zu vereinbaren, welche Fronten ein gemeinsames Erscheinungsbild erf\u00fcllen m\u00fcssen.<\/p>\n<p><strong>6.12. Ger\u00fcste\/Aufzug<\/strong><br \/>Baukr\u00e4ne, Aufz\u00fcge. Der Besteller hat kostenlos die erforderlichen Ger\u00fcste, Baukr\u00e4ne, Aufz\u00fcge zu stellen.<\/p>\n<p><strong>6.13. Zugang<\/strong><br \/>Der ungehinderte Zugang zum Geb\u00e4ude und den R\u00e4umen ist durch die Bauleitung sicherzustellen. Ebenfalls ist f\u00fcr Ablade- und Parkierm\u00f6glichkeiten zu sorgen.<br \/><br \/><\/p>\n<h5><strong>7. Bauabnahme und M\u00e4ngel<\/strong><\/h5>\n<p><strong>7.1. Sicht-\/ Zwischenabnahme<\/strong><br \/>Nach Beendigung der Montage dokumentiert der Unternehmer dem Auftraggeber\/Besteller die ausgef\u00fchrten Arbeiten mittels Videos oder Bilder.<\/p>\n<p><strong>7.2. Pr\u00fcfpflicht<\/strong><br \/>Abnahme aller vom Unternehmer ausgef\u00fchrten Arbeiten sind innert 5 Tagen nach Anzeige der Vollendung vom Besteller oder von der Bauleitung im Beisein des Unternehmers abzunehmen. Nimmt der Besteller das Werk nicht in der vorgegebenen oder vereinbarten Zeit ab, gilt dies als abgenommen.<\/p>\n<p><strong>7.3. M\u00e4ngel<\/strong><br \/>M\u00e4ngel sind dem Unternehmen innert 5 Tagen als M\u00e4ngelr\u00fcge schriftlich mitzuteilen. Ansonsten gilt das Werk als m\u00e4ngelfrei genehmigt. Vorbehalten bleiben die verdeckten M\u00e4ngel.<\/p>\n<p><strong>7.4. Gefahren\u00fcbergang<\/strong><br \/>Mit der Abnahme des Werkes oder durch die Inbetriebnahme beziehungsweise den uneingeschr\u00e4nkten Gebrauch tr\u00e4gt der Besteller das Risiko f\u00fcr die Besch\u00e4digung und f\u00fcr den Untergang (Verlust) des Werkes.<\/p>\n<p><strong>7.5. M\u00e4ngelbehebung<\/strong><br \/>Die Rechte zur Behebung der M\u00e4ngel sind:<\/p>\n<ul>\n<li style=\"list-style-type: none;\">\n<ul>\n<li>Instandstellung (Reparatur)<\/li>\n<li>Preisnachlass (Minderung)<\/li>\n<li>R\u00fccktritt, R\u00fcckbau (Wandelung; ist bei Werkvertr\u00e4gen nur in absoluten Ausnahmef\u00e4llen m\u00f6glich)<br \/><br \/><\/li>\n<\/ul>\n<\/li>\n<\/ul>\n<h5><strong>8. Gew\u00e4hrleistung<\/strong><\/h5>\n<p>Die Gew\u00e4hrleistungsdauer beginnt automatisch ab Bauabnahme oder Inbetriebnahme. (Datum der Abnahme)<\/p>\n<ul>\n<li>5 Jahre Garantie f\u00fcr festmontierte (unbewegliche) Sachen (OR 371 Abs.2).<\/li>\n<li>2 Jahre Garantie f\u00fcr bewegliche Sachen (OR 371 Abs.1) f\u00fcr alle M\u00e4ngel<br \/><br \/><\/li>\n<\/ul>\n<p>Jede Gew\u00e4hrleistung ist ausgeschlossen f\u00fcr:<\/p>\n<ul>\n<li style=\"list-style-type: none;\">\n<ul>\n<li>M\u00e4ngel infolge Fehler in der Baukonstruktion<\/li>\n<li>Fehler oder M\u00e4ngel in der massgeblichen Detailplanung, die der Besteller selbst dem Vertrag zugrunde gelegt hat<\/li>\n<li>M\u00e4ngel in der f\u00fcr die Otto W\u00e4geli AG vertraglich bindenden Materialspezifikation durch den Besteller<\/li>\n<li>M\u00e4ngel infolge unsachgem\u00e4sser Behandlung und Nutzung durch den Besteller<\/li>\n<li>Verbrauchmaterial wie Leuchtmittel, Filtereins\u00e4tze usw.<br \/><br \/><\/li>\n<\/ul>\n<\/li>\n<\/ul>\n<h5><strong>9. Nutzung und Wartung<\/strong><\/h5>\n<p><strong>9.1. Bedienungsanleitungen<\/strong><br \/>Revisionspl\u00e4ne, Reinigungsvorschriften, Produktanwendungsvorschriften usw. werden der Bauherrschaft\/Besteller nach der Bauabnahme, sp\u00e4testens mit der Schlussrechnung \u00fcbergeben oder k\u00f6nnen auf <a href=\"https:\/\/www.waegeli.ch\/\">www.waegeli.ch<\/a> eingesehen werden.<\/p>\n<p><strong>9.2. Inbetriebnahme<\/strong><br \/>F\u00fcr die korrekte Inbetriebnahme des Werkes ist der Besteller gegen\u00fcber Mietern oder K\u00e4ufern zust\u00e4ndig.<\/p>\n<p><strong>9.3. Nutzung<\/strong><br \/>Die Bauherrschaft ist verantwortlich f\u00fcr die korrekte Nutzung, insbesondere f\u00fcr die korrekte Einhaltung der vorgennannten Bedienungsanleitungen sowie das Raumklima nach SIA 180 W\u00e4rmeschutz, Feuchteschutz und Raumklima in Geb\u00e4uden.<\/p>\n<p><strong>9.4. Wartung und Service<\/strong><br \/>Die Bauherrschaft\/Besteller ist f\u00fcr die Wartung im Rahmen der Vorgaben der Hersteller verantwortlich.<br \/><br \/><\/p>\n<h5><strong>10. Gerichtstand<\/strong><\/h5>\n<p>Auf das Vertragsverh\u00e4ltnis zwischen der Otto W\u00e4geli AG und dem Besteller ist Schweizer Recht anwendbar, unter Ausschluss des Wiener Kaufrechts. Der Gerichtsstand befindet sich am Gesch\u00e4ftssitz der Otto W\u00e4geli AG.<\/p>\t\t\t\t\t\t\t\t<\/div>\n\t\t\t\t<\/div>\n\t\t\t\t\t<\/div>\n\t\t<\/div>\n\t\t\t\t\t<\/div>\n\t\t<\/section>\n\t\t\t\t<\/div>\n\t\t","protected":false},"excerpt":{"rendered":"<p>Allgemeine Gesch\u00e4ftsbedingungen AGB 1. Organisatorische Regelungen 1.1. GeltungsbereichDiese AGB regeln die vertragliche Beziehung zwischen der Otto W\u00e4geli AG und dem Besteller im Zusammenhang mit dem Abschluss eines Werkvertrags. Alle Leistungen des Unternehmers erfolgen ausschliesslich auf der Grundlage einer individuellen Vereinbarung und diesen AGB&#8217;s. Die Vereinbarungen individueller Werkvertr\u00e4ge, Angebote und Leistungsbeschreibungen zwischen dem Unternehmer und dem [&hellip;]<\/p>\n","protected":false},"author":1,"featured_media":449,"parent":0,"menu_order":0,"comment_status":"closed","ping_status":"closed","template":"","meta":{"_acf_changed":false,"footnotes":""},"class_list":["post-7626","page","type-page","status-publish","has-post-thumbnail","hentry"],"acf":[],"yoast_head":"<!-- This site is optimized with the Yoast SEO plugin v26.9 - https:\/\/yoast.com\/product\/yoast-seo-wordpress\/ -->\n<title>Allgemeine Gesch\u00e4ftsbedingungen AGB - Schreinerei Otto W\u00e4geli AG<\/title>\n<meta name=\"description\" content=\"Hier finden Sie unsere Datenschutzerkl\u00e4rung.\" \/>\n<meta name=\"robots\" content=\"noindex, follow\" \/>\n<meta property=\"og:locale\" content=\"de_DE\" \/>\n<meta property=\"og:type\" content=\"article\" \/>\n<meta property=\"og:title\" content=\"Allgemeine Gesch\u00e4ftsbedingungen AGB - Schreinerei Otto W\u00e4geli AG\" \/>\n<meta property=\"og:description\" content=\"Hier finden Sie unsere Datenschutzerkl\u00e4rung.\" \/>\n<meta property=\"og:url\" content=\"https:\/\/www.waegeli.ch\/de\/agb\/\" \/>\n<meta property=\"og:site_name\" content=\"Schreinerei Otto W\u00e4geli AG\" \/>\n<meta property=\"article:modified_time\" content=\"2024-04-03T09:19:23+00:00\" \/>\n<meta property=\"og:image\" content=\"https:\/\/www.waegeli.ch\/wp-content\/uploads\/2022\/10\/holzbretter-1-1.jpg\" \/>\n\t<meta property=\"og:image:width\" content=\"1500\" \/>\n\t<meta property=\"og:image:height\" content=\"1000\" \/>\n\t<meta property=\"og:image:type\" content=\"image\/jpeg\" \/>\n<meta name=\"twitter:card\" content=\"summary_large_image\" \/>\n<meta name=\"twitter:label1\" content=\"Gesch\u00e4tzte Lesezeit\" \/>\n\t<meta name=\"twitter:data1\" content=\"8\u00a0Minuten\" \/>\n<script type=\"application\/ld+json\" class=\"yoast-schema-graph\">{\"@context\":\"https:\/\/schema.org\",\"@graph\":[{\"@type\":\"WebPage\",\"@id\":\"https:\/\/www.waegeli.ch\/de\/agb\/\",\"url\":\"https:\/\/www.waegeli.ch\/de\/agb\/\",\"name\":\"Allgemeine Gesch\u00e4ftsbedingungen AGB - Schreinerei Otto W\u00e4geli AG\",\"isPartOf\":{\"@id\":\"https:\/\/www.waegeli.ch\/de\/#website\"},\"primaryImageOfPage\":{\"@id\":\"https:\/\/www.waegeli.ch\/de\/agb\/#primaryimage\"},\"image\":{\"@id\":\"https:\/\/www.waegeli.ch\/de\/agb\/#primaryimage\"},\"thumbnailUrl\":\"https:\/\/www.waegeli.ch\/wp-content\/uploads\/2022\/10\/holzbretter-1-1.jpg\",\"datePublished\":\"2024-04-03T08:37:50+00:00\",\"dateModified\":\"2024-04-03T09:19:23+00:00\",\"description\":\"Hier finden Sie unsere Datenschutzerkl\u00e4rung.\",\"breadcrumb\":{\"@id\":\"https:\/\/www.waegeli.ch\/de\/agb\/#breadcrumb\"},\"inLanguage\":\"de\",\"potentialAction\":[{\"@type\":\"ReadAction\",\"target\":[\"https:\/\/www.waegeli.ch\/de\/agb\/\"]}]},{\"@type\":\"ImageObject\",\"inLanguage\":\"de\",\"@id\":\"https:\/\/www.waegeli.ch\/de\/agb\/#primaryimage\",\"url\":\"https:\/\/www.waegeli.ch\/wp-content\/uploads\/2022\/10\/holzbretter-1-1.jpg\",\"contentUrl\":\"https:\/\/www.waegeli.ch\/wp-content\/uploads\/2022\/10\/holzbretter-1-1.jpg\",\"width\":1500,\"height\":1000,\"caption\":\"Holzbretter\"},{\"@type\":\"BreadcrumbList\",\"@id\":\"https:\/\/www.waegeli.ch\/de\/agb\/#breadcrumb\",\"itemListElement\":[{\"@type\":\"ListItem\",\"position\":1,\"name\":\"Startseite\",\"item\":\"https:\/\/www.waegeli.ch\/de\/\"},{\"@type\":\"ListItem\",\"position\":2,\"name\":\"Allgemeine Gesch\u00e4ftsbedingungen AGB\"}]},{\"@type\":\"WebSite\",\"@id\":\"https:\/\/www.waegeli.ch\/de\/#website\",\"url\":\"https:\/\/www.waegeli.ch\/de\/\",\"name\":\"Schreinerei Otto W\u00e4geli AG\",\"description\":\"Holz ist das ganze Leben\",\"publisher\":{\"@id\":\"https:\/\/www.waegeli.ch\/de\/#organization\"},\"potentialAction\":[{\"@type\":\"SearchAction\",\"target\":{\"@type\":\"EntryPoint\",\"urlTemplate\":\"https:\/\/www.waegeli.ch\/de\/?s={search_term_string}\"},\"query-input\":{\"@type\":\"PropertyValueSpecification\",\"valueRequired\":true,\"valueName\":\"search_term_string\"}}],\"inLanguage\":\"de\"},{\"@type\":\"Organization\",\"@id\":\"https:\/\/www.waegeli.ch\/de\/#organization\",\"name\":\"Schreinerei Otto W\u00e4geli AG\",\"url\":\"https:\/\/www.waegeli.ch\/de\/\",\"logo\":{\"@type\":\"ImageObject\",\"inLanguage\":\"de\",\"@id\":\"https:\/\/www.waegeli.ch\/de\/#\/schema\/logo\/image\/\",\"url\":\"https:\/\/www.waegeli.ch\/wp-content\/uploads\/2022\/10\/OttoWaegeli.png\",\"contentUrl\":\"https:\/\/www.waegeli.ch\/wp-content\/uploads\/2022\/10\/OttoWaegeli.png\",\"width\":233,\"height\":70,\"caption\":\"Schreinerei Otto W\u00e4geli AG\"},\"image\":{\"@id\":\"https:\/\/www.waegeli.ch\/de\/#\/schema\/logo\/image\/\"}}]}<\/script>\n<!-- \/ Yoast SEO plugin. -->","yoast_head_json":{"title":"Allgemeine Gesch\u00e4ftsbedingungen AGB - Schreinerei Otto W\u00e4geli AG","description":"Hier finden Sie unsere Datenschutzerkl\u00e4rung.","robots":{"index":"noindex","follow":"follow"},"og_locale":"de_DE","og_type":"article","og_title":"Allgemeine Gesch\u00e4ftsbedingungen AGB - Schreinerei Otto W\u00e4geli AG","og_description":"Hier finden Sie unsere Datenschutzerkl\u00e4rung.","og_url":"https:\/\/www.waegeli.ch\/de\/agb\/","og_site_name":"Schreinerei Otto W\u00e4geli AG","article_modified_time":"2024-04-03T09:19:23+00:00","og_image":[{"width":1500,"height":1000,"url":"https:\/\/www.waegeli.ch\/wp-content\/uploads\/2022\/10\/holzbretter-1-1.jpg","type":"image\/jpeg"}],"twitter_card":"summary_large_image","twitter_misc":{"Gesch\u00e4tzte Lesezeit":"8\u00a0Minuten"},"schema":{"@context":"https:\/\/schema.org","@graph":[{"@type":"WebPage","@id":"https:\/\/www.waegeli.ch\/de\/agb\/","url":"https:\/\/www.waegeli.ch\/de\/agb\/","name":"Allgemeine Gesch\u00e4ftsbedingungen AGB - Schreinerei Otto W\u00e4geli AG","isPartOf":{"@id":"https:\/\/www.waegeli.ch\/de\/#website"},"primaryImageOfPage":{"@id":"https:\/\/www.waegeli.ch\/de\/agb\/#primaryimage"},"image":{"@id":"https:\/\/www.waegeli.ch\/de\/agb\/#primaryimage"},"thumbnailUrl":"https:\/\/www.waegeli.ch\/wp-content\/uploads\/2022\/10\/holzbretter-1-1.jpg","datePublished":"2024-04-03T08:37:50+00:00","dateModified":"2024-04-03T09:19:23+00:00","description":"Hier finden Sie unsere Datenschutzerkl\u00e4rung.","breadcrumb":{"@id":"https:\/\/www.waegeli.ch\/de\/agb\/#breadcrumb"},"inLanguage":"de","potentialAction":[{"@type":"ReadAction","target":["https:\/\/www.waegeli.ch\/de\/agb\/"]}]},{"@type":"ImageObject","inLanguage":"de","@id":"https:\/\/www.waegeli.ch\/de\/agb\/#primaryimage","url":"https:\/\/www.waegeli.ch\/wp-content\/uploads\/2022\/10\/holzbretter-1-1.jpg","contentUrl":"https:\/\/www.waegeli.ch\/wp-content\/uploads\/2022\/10\/holzbretter-1-1.jpg","width":1500,"height":1000,"caption":"Holzbretter"},{"@type":"BreadcrumbList","@id":"https:\/\/www.waegeli.ch\/de\/agb\/#breadcrumb","itemListElement":[{"@type":"ListItem","position":1,"name":"Startseite","item":"https:\/\/www.waegeli.ch\/de\/"},{"@type":"ListItem","position":2,"name":"Allgemeine Gesch\u00e4ftsbedingungen AGB"}]},{"@type":"WebSite","@id":"https:\/\/www.waegeli.ch\/de\/#website","url":"https:\/\/www.waegeli.ch\/de\/","name":"Schreinerei Otto W\u00e4geli AG","description":"Holz ist das ganze Leben","publisher":{"@id":"https:\/\/www.waegeli.ch\/de\/#organization"},"potentialAction":[{"@type":"SearchAction","target":{"@type":"EntryPoint","urlTemplate":"https:\/\/www.waegeli.ch\/de\/?s={search_term_string}"},"query-input":{"@type":"PropertyValueSpecification","valueRequired":true,"valueName":"search_term_string"}}],"inLanguage":"de"},{"@type":"Organization","@id":"https:\/\/www.waegeli.ch\/de\/#organization","name":"Schreinerei Otto W\u00e4geli AG","url":"https:\/\/www.waegeli.ch\/de\/","logo":{"@type":"ImageObject","inLanguage":"de","@id":"https:\/\/www.waegeli.ch\/de\/#\/schema\/logo\/image\/","url":"https:\/\/www.waegeli.ch\/wp-content\/uploads\/2022\/10\/OttoWaegeli.png","contentUrl":"https:\/\/www.waegeli.ch\/wp-content\/uploads\/2022\/10\/OttoWaegeli.png","width":233,"height":70,"caption":"Schreinerei Otto W\u00e4geli AG"},"image":{"@id":"https:\/\/www.waegeli.ch\/de\/#\/schema\/logo\/image\/"}}]}},"_links":{"self":[{"href":"https:\/\/www.waegeli.ch\/de\/wp-json\/wp\/v2\/pages\/7626","targetHints":{"allow":["GET"]}}],"collection":[{"href":"https:\/\/www.waegeli.ch\/de\/wp-json\/wp\/v2\/pages"}],"about":[{"href":"https:\/\/www.waegeli.ch\/de\/wp-json\/wp\/v2\/types\/page"}],"author":[{"embeddable":true,"href":"https:\/\/www.waegeli.ch\/de\/wp-json\/wp\/v2\/users\/1"}],"replies":[{"embeddable":true,"href":"https:\/\/www.waegeli.ch\/de\/wp-json\/wp\/v2\/comments?post=7626"}],"version-history":[{"count":64,"href":"https:\/\/www.waegeli.ch\/de\/wp-json\/wp\/v2\/pages\/7626\/revisions"}],"predecessor-version":[{"id":7692,"href":"https:\/\/www.waegeli.ch\/de\/wp-json\/wp\/v2\/pages\/7626\/revisions\/7692"}],"wp:featuredmedia":[{"embeddable":true,"href":"https:\/\/www.waegeli.ch\/de\/wp-json\/wp\/v2\/media\/449"}],"wp:attachment":[{"href":"https:\/\/www.waegeli.ch\/de\/wp-json\/wp\/v2\/media?parent=7626"}],"curies":[{"name":"wp","href":"https:\/\/api.w.org\/{rel}","templated":true}]}}