{"id":7704,"date":"2024-04-03T13:53:12","date_gmt":"2024-04-03T11:53:12","guid":{"rendered":"https:\/\/www.waegeli.ch\/?page_id=7704"},"modified":"2024-04-03T14:04:07","modified_gmt":"2024-04-03T12:04:07","slug":"pflegeanleitungen","status":"publish","type":"page","link":"https:\/\/www.waegeli.ch\/de\/ueber-uns\/pflegeanleitungen\/","title":{"rendered":"Pflegeanleitungen"},"content":{"rendered":"\t\t<div data-elementor-type=\"wp-page\" data-elementor-id=\"7704\" class=\"elementor elementor-7704\" data-elementor-post-type=\"page\">\n\t\t\t\t\t\t<section class=\"elementor-section elementor-top-section elementor-element elementor-element-6d0d714 elementor-section-boxed elementor-section-height-default elementor-section-height-default\" data-id=\"6d0d714\" data-element_type=\"section\" data-e-type=\"section\">\n\t\t\t\t\t\t<div class=\"elementor-container elementor-column-gap-default\">\n\t\t\t\t\t<div class=\"elementor-column elementor-col-100 elementor-top-column elementor-element elementor-element-1c94cfe\" data-id=\"1c94cfe\" data-element_type=\"column\" data-e-type=\"column\">\n\t\t\t<div class=\"elementor-widget-wrap elementor-element-populated\">\n\t\t\t\t\t\t<section class=\"elementor-section elementor-inner-section elementor-element elementor-element-2730d60 elementor-section-height-default elementor-section-boxed elementor-section-height-default\" data-id=\"2730d60\" data-element_type=\"section\" data-e-type=\"section\">\n\t\t\t\t\t\t<div class=\"elementor-container elementor-column-gap-default\">\n\t\t\t\t\t<div class=\"elementor-column elementor-col-100 elementor-top-column elementor-element elementor-element-459d7b1\" data-id=\"459d7b1\" data-element_type=\"column\" data-e-type=\"column\">\n\t\t\t<div class=\"elementor-widget-wrap elementor-element-populated\">\n\t\t\t\t\t\t<div class=\"elementor-element elementor-element-5c11747 elementor-widget elementor-widget-spacer\" data-id=\"5c11747\" data-element_type=\"widget\" data-e-type=\"widget\" data-widget_type=\"spacer.default\">\n\t\t\t\t<div class=\"elementor-widget-container\">\n\t\t\t\t\t\t\t<div class=\"elementor-spacer\">\n\t\t\t<div class=\"elementor-spacer-inner\"><\/div>\n\t\t<\/div>\n\t\t\t\t\t\t<\/div>\n\t\t\t\t<\/div>\n\t\t\t\t<div class=\"elementor-element elementor-element-0c9d259 elementor-widget elementor-widget-breadcrumbs\" data-id=\"0c9d259\" data-element_type=\"widget\" data-e-type=\"widget\" data-widget_type=\"breadcrumbs.default\">\n\t\t\t\t<div class=\"elementor-widget-container\">\n\t\t\t\t\t<p id=\"breadcrumbs\"><span><span><a href=\"https:\/\/www.waegeli.ch\/de\/\">Startseite<\/a><\/span><\/span><\/p>\t\t\t\t<\/div>\n\t\t\t\t<\/div>\n\t\t\t\t<section class=\"elementor-section elementor-inner-section elementor-element elementor-element-790a18c elementor-section-boxed elementor-section-height-default elementor-section-height-default\" data-id=\"790a18c\" data-element_type=\"section\" data-e-type=\"section\">\n\t\t\t\t\t\t<div class=\"elementor-container elementor-column-gap-default\">\n\t\t\t\t\t<div class=\"elementor-column elementor-col-50 elementor-inner-column elementor-element elementor-element-e4d6058\" data-id=\"e4d6058\" data-element_type=\"column\" data-e-type=\"column\">\n\t\t\t<div class=\"elementor-widget-wrap elementor-element-populated\">\n\t\t\t\t\t\t<div class=\"elementor-element elementor-element-d040969 elementor-widget elementor-widget-heading\" data-id=\"d040969\" data-element_type=\"widget\" data-e-type=\"widget\" data-widget_type=\"heading.default\">\n\t\t\t\t<div class=\"elementor-widget-container\">\n\t\t\t\t\t<h1 class=\"elementor-heading-title elementor-size-default\">Pflegeanleitungen<\/h1>\t\t\t\t<\/div>\n\t\t\t\t<\/div>\n\t\t\t\t<div class=\"elementor-element elementor-element-c0aa1bd elementor-icon-list--layout-traditional elementor-list-item-link-full_width elementor-widget elementor-widget-icon-list\" data-id=\"c0aa1bd\" data-element_type=\"widget\" data-e-type=\"widget\" data-widget_type=\"icon-list.default\">\n\t\t\t\t<div class=\"elementor-widget-container\">\n\t\t\t\t\t\t\t<ul class=\"elementor-icon-list-items\">\n\t\t\t\t\t\t\t<li class=\"elementor-icon-list-item\">\n\t\t\t\t\t\t\t\t\t\t\t<a href=\"https:\/\/www.waegeli.ch\/wp-content\/uploads\/2024\/04\/Pflegeanleitung_goeltes_Parket.pdf\">\n\n\t\t\t\t\t\t\t\t\t\t\t\t<span class=\"elementor-icon-list-icon\">\n\t\t\t\t\t\t\t<i aria-hidden=\"true\" class=\"fas fa-file-pdf\"><\/i>\t\t\t\t\t\t<\/span>\n\t\t\t\t\t\t\t\t\t\t<span class=\"elementor-icon-list-text\">Reinigen, pflegen und nach\u00f6len von ge\u00f6ltem Parkett<\/span>\n\t\t\t\t\t\t\t\t\t\t\t<\/a>\n\t\t\t\t\t\t\t\t\t<\/li>\n\t\t\t\t\t\t\t\t<li class=\"elementor-icon-list-item\">\n\t\t\t\t\t\t\t\t\t\t\t<a href=\"https:\/\/www.waegeli.ch\/wp-content\/uploads\/2024\/04\/Pflegeanleitung_Kueche_und_Schraenke.pdf\">\n\n\t\t\t\t\t\t\t\t\t\t\t\t<span class=\"elementor-icon-list-icon\">\n\t\t\t\t\t\t\t<i aria-hidden=\"true\" class=\"fas fa-file-pdf\"><\/i>\t\t\t\t\t\t<\/span>\n\t\t\t\t\t\t\t\t\t\t<span class=\"elementor-icon-list-text\">K\u00fcche und Schr\u00e4nke<\/span>\n\t\t\t\t\t\t\t\t\t\t\t<\/a>\n\t\t\t\t\t\t\t\t\t<\/li>\n\t\t\t\t\t\t<\/ul>\n\t\t\t\t\t\t<\/div>\n\t\t\t\t<\/div>\n\t\t\t\t<div class=\"elementor-element elementor-element-82588ff elementor-align-center elementor-tablet-align-right elementor-hidden-desktop elementor-hidden-tablet elementor-widget elementor-widget-button\" data-id=\"82588ff\" data-element_type=\"widget\" data-e-type=\"widget\" data-widget_type=\"button.default\">\n\t\t\t\t<div class=\"elementor-widget-container\">\n\t\t\t\t\t\t\t\t\t<div class=\"elementor-button-wrapper\">\n\t\t\t\t\t<a class=\"elementor-button elementor-button-link elementor-size-md\" href=\"http:\/\/www.waegeli.ch\/kontakt\/\">\n\t\t\t\t\t\t<span class=\"elementor-button-content-wrapper\">\n\t\t\t\t\t\t\t\t\t<span class=\"elementor-button-text\">Kontakt<\/span>\n\t\t\t\t\t<\/span>\n\t\t\t\t\t<\/a>\n\t\t\t\t<\/div>\n\t\t\t\t\t\t\t\t<\/div>\n\t\t\t\t<\/div>\n\t\t\t\t\t<\/div>\n\t\t<\/div>\n\t\t\t\t<div class=\"elementor-column elementor-col-50 elementor-inner-column elementor-element elementor-element-41737ce\" data-id=\"41737ce\" data-element_type=\"column\" data-e-type=\"column\">\n\t\t\t<div class=\"elementor-widget-wrap elementor-element-populated\">\n\t\t\t\t\t\t<div class=\"elementor-element elementor-element-4d8f03b elementor-align-right elementor-hidden-mobile elementor-tablet-align-right elementor-widget elementor-widget-button\" data-id=\"4d8f03b\" data-element_type=\"widget\" data-e-type=\"widget\" data-widget_type=\"button.default\">\n\t\t\t\t<div class=\"elementor-widget-container\">\n\t\t\t\t\t\t\t\t\t<div class=\"elementor-button-wrapper\">\n\t\t\t\t\t<a class=\"elementor-button elementor-button-link elementor-size-md\" href=\"http:\/\/www.waegeli.ch\/kontakt\/\">\n\t\t\t\t\t\t<span class=\"elementor-button-content-wrapper\">\n\t\t\t\t\t\t\t\t\t<span class=\"elementor-button-text\">Kontakt<\/span>\n\t\t\t\t\t<\/span>\n\t\t\t\t\t<\/a>\n\t\t\t\t<\/div>\n\t\t\t\t\t\t\t\t<\/div>\n\t\t\t\t<\/div>\n\t\t\t\t\t<\/div>\n\t\t<\/div>\n\t\t\t\t\t<\/div>\n\t\t<\/section>\n\t\t\t\t\t<\/div>\n\t\t<\/div>\n\t\t\t\t\t<\/div>\n\t\t<\/section>\n\t\t\t\t\t<\/div>\n\t\t<\/div>\n\t\t\t\t\t<\/div>\n\t\t<\/section>\n\t\t\t\t<section class=\"elementor-section elementor-top-section elementor-element elementor-element-a963d9e elementor-section-boxed elementor-section-height-default elementor-section-height-default\" data-id=\"a963d9e\" data-element_type=\"section\" data-e-type=\"section\">\n\t\t\t\t\t\t<div class=\"elementor-container elementor-column-gap-default\">\n\t\t\t\t\t<div class=\"elementor-column elementor-col-100 elementor-top-column elementor-element elementor-element-2c684b7\" data-id=\"2c684b7\" data-element_type=\"column\" data-e-type=\"column\">\n\t\t\t<div class=\"elementor-widget-wrap elementor-element-populated\">\n\t\t\t\t\t\t<div class=\"elementor-element elementor-element-ee6051c elementor-widget elementor-widget-spacer\" data-id=\"ee6051c\" data-element_type=\"widget\" data-e-type=\"widget\" data-widget_type=\"spacer.default\">\n\t\t\t\t<div class=\"elementor-widget-container\">\n\t\t\t\t\t\t\t<div class=\"elementor-spacer\">\n\t\t\t<div class=\"elementor-spacer-inner\"><\/div>\n\t\t<\/div>\n\t\t\t\t\t\t<\/div>\n\t\t\t\t<\/div>\n\t\t\t\t\t<\/div>\n\t\t<\/div>\n\t\t\t\t\t<\/div>\n\t\t<\/section>\n\t\t\t\t<\/div>\n\t\t","protected":false},"excerpt":{"rendered":"<p>Pflegeanleitungen Reinigen, pflegen und nach\u00f6len von ge\u00f6ltem Parkett K\u00fcche und Schr\u00e4nke Kontakt Kontakt<\/p>\n","protected":false},"author":1,"featured_media":0,"parent":42,"menu_order":0,"comment_status":"closed","ping_status":"closed","template":"","meta":{"_acf_changed":false,"footnotes":""},"class_list":["post-7704","page","type-page","status-publish","hentry"],"acf":[],"yoast_head":"<!-- This site is optimized with the Yoast SEO plugin v26.9 - https:\/\/yoast.com\/product\/yoast-seo-wordpress\/ -->\n<title>Pflegeanleitungen - Schreinerei Otto W\u00e4geli AG<\/title>\n<meta name=\"description\" content=\"Allrounder rund ums Holz. Seit 1959 dreht sich bei Otto W\u00e4geli AG alles ums Holz. Als traditioneller Familienbetrieb ist die Bau- und M\u00f6belschreinerei ein klassischer Allrounder f\u00fcr die vielseitigsten Anwendungen dieses wertvollen und nat\u00fcrlichen Baustoffs.\" \/>\n<meta name=\"robots\" content=\"index, follow, max-snippet:-1, max-image-preview:large, max-video-preview:-1\" \/>\n<link rel=\"canonical\" href=\"https:\/\/www.waegeli.ch\/de\/ueber-uns\/pflegeanleitungen\/\" \/>\n<meta property=\"og:locale\" content=\"de_DE\" \/>\n<meta property=\"og:type\" content=\"article\" \/>\n<meta property=\"og:title\" content=\"Pflegeanleitungen - Schreinerei Otto W\u00e4geli AG\" \/>\n<meta property=\"og:description\" content=\"Allrounder rund ums Holz. Seit 1959 dreht sich bei Otto W\u00e4geli AG alles ums Holz. Als traditioneller Familienbetrieb ist die Bau- und M\u00f6belschreinerei ein klassischer Allrounder f\u00fcr die vielseitigsten Anwendungen dieses wertvollen und nat\u00fcrlichen Baustoffs.\" \/>\n<meta property=\"og:url\" content=\"https:\/\/www.waegeli.ch\/de\/ueber-uns\/pflegeanleitungen\/\" \/>\n<meta property=\"og:site_name\" content=\"Schreinerei Otto W\u00e4geli AG\" \/>\n<meta property=\"article:modified_time\" content=\"2024-04-03T12:04:07+00:00\" \/>\n<meta name=\"twitter:card\" content=\"summary_large_image\" \/>\n<meta name=\"twitter:label1\" content=\"Gesch\u00e4tzte Lesezeit\" \/>\n\t<meta name=\"twitter:data1\" content=\"1\u00a0Minute\" \/>\n<script type=\"application\/ld+json\" class=\"yoast-schema-graph\">{\"@context\":\"https:\/\/schema.org\",\"@graph\":[{\"@type\":\"WebPage\",\"@id\":\"https:\/\/www.waegeli.ch\/de\/ueber-uns\/pflegeanleitungen\/\",\"url\":\"https:\/\/www.waegeli.ch\/de\/ueber-uns\/pflegeanleitungen\/\",\"name\":\"Pflegeanleitungen - Schreinerei Otto W\u00e4geli AG\",\"isPartOf\":{\"@id\":\"https:\/\/www.waegeli.ch\/de\/#website\"},\"datePublished\":\"2024-04-03T11:53:12+00:00\",\"dateModified\":\"2024-04-03T12:04:07+00:00\",\"description\":\"Allrounder rund ums Holz. Seit 1959 dreht sich bei Otto W\u00e4geli AG alles ums Holz. Als traditioneller Familienbetrieb ist die Bau- und M\u00f6belschreinerei ein klassischer Allrounder f\u00fcr die vielseitigsten Anwendungen dieses wertvollen und nat\u00fcrlichen Baustoffs.\",\"breadcrumb\":{\"@id\":\"https:\/\/www.waegeli.ch\/de\/ueber-uns\/pflegeanleitungen\/#breadcrumb\"},\"inLanguage\":\"de\",\"potentialAction\":[{\"@type\":\"ReadAction\",\"target\":[\"https:\/\/www.waegeli.ch\/de\/ueber-uns\/pflegeanleitungen\/\"]}]},{\"@type\":\"BreadcrumbList\",\"@id\":\"https:\/\/www.waegeli.ch\/de\/ueber-uns\/pflegeanleitungen\/#breadcrumb\",\"itemListElement\":[{\"@type\":\"ListItem\",\"position\":1,\"name\":\"Startseite\",\"item\":\"https:\/\/www.waegeli.ch\/de\/\"},{\"@type\":\"ListItem\",\"position\":2,\"name\":\"\u00dcber uns\",\"item\":\"https:\/\/www.waegeli.ch\/de\/ueber-uns\/\"},{\"@type\":\"ListItem\",\"position\":3,\"name\":\"Pflegeanleitungen\"}]},{\"@type\":\"WebSite\",\"@id\":\"https:\/\/www.waegeli.ch\/de\/#website\",\"url\":\"https:\/\/www.waegeli.ch\/de\/\",\"name\":\"Schreinerei Otto W\u00e4geli AG\",\"description\":\"Holz ist das ganze Leben\",\"publisher\":{\"@id\":\"https:\/\/www.waegeli.ch\/de\/#organization\"},\"potentialAction\":[{\"@type\":\"SearchAction\",\"target\":{\"@type\":\"EntryPoint\",\"urlTemplate\":\"https:\/\/www.waegeli.ch\/de\/?s={search_term_string}\"},\"query-input\":{\"@type\":\"PropertyValueSpecification\",\"valueRequired\":true,\"valueName\":\"search_term_string\"}}],\"inLanguage\":\"de\"},{\"@type\":\"Organization\",\"@id\":\"https:\/\/www.waegeli.ch\/de\/#organization\",\"name\":\"Schreinerei Otto W\u00e4geli AG\",\"url\":\"https:\/\/www.waegeli.ch\/de\/\",\"logo\":{\"@type\":\"ImageObject\",\"inLanguage\":\"de\",\"@id\":\"https:\/\/www.waegeli.ch\/de\/#\/schema\/logo\/image\/\",\"url\":\"https:\/\/www.waegeli.ch\/wp-content\/uploads\/2022\/10\/OttoWaegeli.png\",\"contentUrl\":\"https:\/\/www.waegeli.ch\/wp-content\/uploads\/2022\/10\/OttoWaegeli.png\",\"width\":233,\"height\":70,\"caption\":\"Schreinerei Otto W\u00e4geli AG\"},\"image\":{\"@id\":\"https:\/\/www.waegeli.ch\/de\/#\/schema\/logo\/image\/\"}}]}<\/script>\n<!-- \/ Yoast SEO plugin. -->","yoast_head_json":{"title":"Pflegeanleitungen - Schreinerei Otto W\u00e4geli AG","description":"Allrounder rund ums Holz. Seit 1959 dreht sich bei Otto W\u00e4geli AG alles ums Holz. Als traditioneller Familienbetrieb ist die Bau- und M\u00f6belschreinerei ein klassischer Allrounder f\u00fcr die vielseitigsten Anwendungen dieses wertvollen und nat\u00fcrlichen Baustoffs.","robots":{"index":"index","follow":"follow","max-snippet":"max-snippet:-1","max-image-preview":"max-image-preview:large","max-video-preview":"max-video-preview:-1"},"canonical":"https:\/\/www.waegeli.ch\/de\/ueber-uns\/pflegeanleitungen\/","og_locale":"de_DE","og_type":"article","og_title":"Pflegeanleitungen - Schreinerei Otto W\u00e4geli AG","og_description":"Allrounder rund ums Holz. Seit 1959 dreht sich bei Otto W\u00e4geli AG alles ums Holz. Als traditioneller Familienbetrieb ist die Bau- und M\u00f6belschreinerei ein klassischer Allrounder f\u00fcr die vielseitigsten Anwendungen dieses wertvollen und nat\u00fcrlichen Baustoffs.","og_url":"https:\/\/www.waegeli.ch\/de\/ueber-uns\/pflegeanleitungen\/","og_site_name":"Schreinerei Otto W\u00e4geli AG","article_modified_time":"2024-04-03T12:04:07+00:00","twitter_card":"summary_large_image","twitter_misc":{"Gesch\u00e4tzte Lesezeit":"1\u00a0Minute"},"schema":{"@context":"https:\/\/schema.org","@graph":[{"@type":"WebPage","@id":"https:\/\/www.waegeli.ch\/de\/ueber-uns\/pflegeanleitungen\/","url":"https:\/\/www.waegeli.ch\/de\/ueber-uns\/pflegeanleitungen\/","name":"Pflegeanleitungen - Schreinerei Otto W\u00e4geli AG","isPartOf":{"@id":"https:\/\/www.waegeli.ch\/de\/#website"},"datePublished":"2024-04-03T11:53:12+00:00","dateModified":"2024-04-03T12:04:07+00:00","description":"Allrounder rund ums Holz. Seit 1959 dreht sich bei Otto W\u00e4geli AG alles ums Holz. Als traditioneller Familienbetrieb ist die Bau- und M\u00f6belschreinerei ein klassischer Allrounder f\u00fcr die vielseitigsten Anwendungen dieses wertvollen und nat\u00fcrlichen Baustoffs.","breadcrumb":{"@id":"https:\/\/www.waegeli.ch\/de\/ueber-uns\/pflegeanleitungen\/#breadcrumb"},"inLanguage":"de","potentialAction":[{"@type":"ReadAction","target":["https:\/\/www.waegeli.ch\/de\/ueber-uns\/pflegeanleitungen\/"]}]},{"@type":"BreadcrumbList","@id":"https:\/\/www.waegeli.ch\/de\/ueber-uns\/pflegeanleitungen\/#breadcrumb","itemListElement":[{"@type":"ListItem","position":1,"name":"Startseite","item":"https:\/\/www.waegeli.ch\/de\/"},{"@type":"ListItem","position":2,"name":"\u00dcber uns","item":"https:\/\/www.waegeli.ch\/de\/ueber-uns\/"},{"@type":"ListItem","position":3,"name":"Pflegeanleitungen"}]},{"@type":"WebSite","@id":"https:\/\/www.waegeli.ch\/de\/#website","url":"https:\/\/www.waegeli.ch\/de\/","name":"Schreinerei Otto W\u00e4geli AG","description":"Holz ist das ganze Leben","publisher":{"@id":"https:\/\/www.waegeli.ch\/de\/#organization"},"potentialAction":[{"@type":"SearchAction","target":{"@type":"EntryPoint","urlTemplate":"https:\/\/www.waegeli.ch\/de\/?s={search_term_string}"},"query-input":{"@type":"PropertyValueSpecification","valueRequired":true,"valueName":"search_term_string"}}],"inLanguage":"de"},{"@type":"Organization","@id":"https:\/\/www.waegeli.ch\/de\/#organization","name":"Schreinerei Otto W\u00e4geli AG","url":"https:\/\/www.waegeli.ch\/de\/","logo":{"@type":"ImageObject","inLanguage":"de","@id":"https:\/\/www.waegeli.ch\/de\/#\/schema\/logo\/image\/","url":"https:\/\/www.waegeli.ch\/wp-content\/uploads\/2022\/10\/OttoWaegeli.png","contentUrl":"https:\/\/www.waegeli.ch\/wp-content\/uploads\/2022\/10\/OttoWaegeli.png","width":233,"height":70,"caption":"Schreinerei Otto W\u00e4geli AG"},"image":{"@id":"https:\/\/www.waegeli.ch\/de\/#\/schema\/logo\/image\/"}}]}},"_links":{"self":[{"href":"https:\/\/www.waegeli.ch\/de\/wp-json\/wp\/v2\/pages\/7704","targetHints":{"allow":["GET"]}}],"collection":[{"href":"https:\/\/www.waegeli.ch\/de\/wp-json\/wp\/v2\/pages"}],"about":[{"href":"https:\/\/www.waegeli.ch\/de\/wp-json\/wp\/v2\/types\/page"}],"author":[{"embeddable":true,"href":"https:\/\/www.waegeli.ch\/de\/wp-json\/wp\/v2\/users\/1"}],"replies":[{"embeddable":true,"href":"https:\/\/www.waegeli.ch\/de\/wp-json\/wp\/v2\/comments?post=7704"}],"version-history":[{"count":10,"href":"https:\/\/www.waegeli.ch\/de\/wp-json\/wp\/v2\/pages\/7704\/revisions"}],"predecessor-version":[{"id":7723,"href":"https:\/\/www.waegeli.ch\/de\/wp-json\/wp\/v2\/pages\/7704\/revisions\/7723"}],"up":[{"embeddable":true,"href":"https:\/\/www.waegeli.ch\/de\/wp-json\/wp\/v2\/pages\/42"}],"wp:attachment":[{"href":"https:\/\/www.waegeli.ch\/de\/wp-json\/wp\/v2\/media?parent=7704"}],"curies":[{"name":"wp","href":"https:\/\/api.w.org\/{rel}","templated":true}]}}